{"id":413,"date":"2025-10-27T14:13:08","date_gmt":"2025-10-27T14:13:08","guid":{"rendered":"https:\/\/belvederepalace.wientickets.org\/cookies-richtlinie\/"},"modified":"2025-11-06T16:29:50","modified_gmt":"2025-11-06T16:29:50","slug":"cookies-richtlinie","status":"publish","type":"page","link":"https:\/\/belvederepalace.wientickets.org\/de\/cookies-richtlinie\/","title":{"rendered":"Cookies-Richtlinie"},"content":{"rendered":"\t\t<div data-elementor-type=\"wp-page\" data-elementor-id=\"413\" class=\"elementor elementor-413 elementor-359\">\n\t\t\t\t\t\t<section class=\"elementor-section elementor-top-section elementor-element elementor-element-6f5b30d elementor-section-boxed elementor-section-height-default elementor-section-height-default\" data-id=\"6f5b30d\" data-element_type=\"section\">\n\t\t\t\t\t\t<div class=\"elementor-container elementor-column-gap-default\">\n\t\t\t\t\t<div class=\"elementor-column elementor-col-100 elementor-top-column elementor-element elementor-element-2cb0145\" data-id=\"2cb0145\" data-element_type=\"column\">\n\t\t\t<div class=\"elementor-widget-wrap elementor-element-populated\">\n\t\t\t\t\t\t<div class=\"elementor-element elementor-element-b55205e elementor-widget elementor-widget-heading\" data-id=\"b55205e\" data-element_type=\"widget\" data-widget_type=\"heading.default\">\n\t\t\t\t<div class=\"elementor-widget-container\">\n\t\t\t\t\t<h1 class=\"elementor-heading-title elementor-size-default\">Cookies-Richtlinie<\/h1>\t\t\t\t<\/div>\n\t\t\t\t<\/div>\n\t\t\t\t<div class=\"elementor-element elementor-element-1369c71 elementor-widget elementor-widget-text-editor\" data-id=\"1369c71\" data-element_type=\"widget\" data-widget_type=\"text-editor.default\">\n\t\t\t\t<div class=\"elementor-widget-container\">\n\t\t\t\t\t\t\t\t\t<p><strong>1. IDENTIFIZIERUNG UND KONTAKTANGABEN DES F\u00dcR DIE VERARBEITUNG VERANTWORTLICHEN<\/strong><\/p><p><img decoding=\"async\" class=\"alignnone size-full wp-image-354\" src=\"https:\/\/belvederepalace.wientickets.org\/wp-content\/uploads\/2025\/10\/Ticket-Management-System-SL.png\" alt=\"\" width=\"277\" height=\"20\">, ID-Nummer <img decoding=\"async\" class=\"alignnone size-full wp-image-355\" src=\"https:\/\/belvederepalace.wientickets.org\/wp-content\/uploads\/2025\/10\/NIF-TMS.jpg\" alt=\"\" width=\"111\" height=\"16\">, mit Sitz in der Calle Balmes n\u00ba 32, Principal 2\u00aa, C.P. 08007 Barcelona (Spanien) und eingetragen im Companies House of (Barcelona) unter Band 47314, Seite 29 (im Folgenden der <em>&#8222;Datenverantwortliche&#8220;)<\/em>, ist f\u00fcr die Verarbeitung der Daten verantwortlich, die infolge des Zugriffs, der Nutzung und des Surfens der Nutzer von belvederepalace.wientickets.org (im Folgenden der &#8222;<em>Benutzer<\/em>&#8220; oder &#8222;<em>Benutzer<\/em>&#8220; bzw. die &#8222;<em>Website<\/em>&#8220; oder das &#8222;<em>Web<\/em>&#8222;), und verwendet Cookies, um die Surfgewohnheiten der Benutzer auf diesem Web zu \u00fcberwachen, wie in dieser Cookie-Richtlinie (im Folgenden die &#8222;<em>Cookie-Richtlinie<\/em>&#8222;) angegeben.<\/p><p><strong>2. KONZEPT<\/strong><\/p><p>Ein Cookie ist eine Datei, die auf die Hardware des Benutzers heruntergeladen wird, wenn dieser auf bestimmte Webseiten zugreift, um Informationen \u00fcber das Surfen auf seinem Ger\u00e4t zu speichern und abzurufen. Die durch Cookies gesammelten Informationen erm\u00f6glichen es uns, Informationen \u00fcber die Surfgewohnheiten der Nutzer zu erhalten. <\/p><p><strong>3. ARTEN VON COOKIES UND DATENVERARBEITUNG DURCH COOKIES<\/strong><\/p><p>Diese Website erlaubt nur die Verwendung von Cookies des Tools Google Analytics der Google Inc. (nachfolgend &#8222;<em>Google<\/em>&#8222;), einer in Delaware, 1600 Amphitheatre Parkway, Mountain View (Kalifornien), CA 94043, USA, eingetragenen Gesellschaft, die somit der f\u00fcr die personenbezogenen Daten verantwortliche Dritte ist.<\/p><p>In diesem Zusammenhang erfasst Google Analytics die Interaktionen der Nutzer auf der Website (Zeitpunkt des Besuchs, ob der Nutzer zuvor auf der Website war, welche Website dem Nutzer den Besuch der betreffenden Website empfohlen hat, IP-Adresse usw.).) und stellt dem f\u00fcr die Verarbeitung Verantwortlichen keine Informationen \u00fcber die tats\u00e4chliche IP-Adresse des Nutzers zur Verf\u00fcgung, sondern lediglich statistische Informationen \u00fcber Besuche (einzelne Besucher, Anzahl der aufgerufenen Seiten, Seite\/Ansicht, durchschnittliche Besuchsdauer, Absprungrate, % der neuen Besuche, neue und wiederkehrende Besucher, H\u00e4ufigkeit und letzte Besuche, Interaktionen, besuchte Seiten), demografische Daten (Sprache, Land\/Gebiet, Stadt), System (Browser, Betriebssystem, Internetzugangsanbieter, Ger\u00e4tekategorie), Quelle\/Medium, usw.<\/p><p><strong>4. ZWECK DER COOKIES<\/strong><\/p><p>Der Zweck ist, dass der f\u00fcr die Datenverarbeitung Verantwortliche etwas \u00fcber die Surfgewohnheiten der Nutzer der Website erf\u00e4hrt und verschiedene Berichte einsehen kann, die beschreiben, wie die Nutzer, die die Website besuchen, interagieren, um sie zu verbessern. Anhand dieser Informationen kann der f\u00fcr die Datenverarbeitung Verantwortliche das Surfverhalten der Nutzer der Website analysieren, und Google Analytics berichtet auch \u00fcber die Trends der Website, ohne die Nutzer zu identifizieren. <\/p><p>Andererseits kann der Nutzer die allgemeinen Gesch\u00e4ftsbedingungen von Google unter <a href=\"http:\/\/www.google.com\/analytics\/tos.html\">www.google.com\/analytics\/tos.html<\/a> und die Datenschutzbestimmungen unter <a href=\"http:\/\/www.google.com\/intl\/es\/policies\/privacy\">www.google.com\/intl\/es\/policies\/privacy einsehen .<\/a><\/p><p>Der f\u00fcr die Datenverarbeitung Verantwortliche kann jedoch den Inhalt und den Wahrheitsgehalt der in dieser Cookie-Richtlinie genannten Gesch\u00e4ftsbedingungen und Datenschutzrichtlinien von Google nicht kontrollieren und ist nicht daf\u00fcr verantwortlich.<\/p><p><strong>5. DEAKTIVIEREN VON COOKIES<\/strong><\/p><p>Website-Besucher k\u00f6nnen die erteilte Zustimmung \u00fcber die Schaltfl\u00e4che oben in dieser Cookie-Richtlinie jederzeit widerrufen.<\/p><p>Alternativ k\u00f6nnen Sie Google Analytics-Cookies auch \u00fcber die folgenden Systeme deaktivieren:<\/p><ol><li>Das Deaktivierungssystem f\u00fcr Google Analytics ist \u00fcber den folgenden Link zug\u00e4nglich:<ol><li><a href=\"https:\/\/tools.google.com\/dlpage\/gaoptout?hl=es\">https:\/\/tools.google.com\/dlpage\/gaoptout?hl=es<\/a><\/li><\/ol><\/li><li>Browser-Einstellungen; zum Beispiel:<ol><li>Chrome, von <a href=\"http:\/\/support.google.com\/chrome\/answer\/95647?hl=en\">support.google.com\/chrome\/answer\/95647?hl=de<\/a><\/li><li>Explorer, von <a href=\"http:\/\/support.microsoft.com\/en-us\/help\/17442\/windows-internetexplorer-delete-manage-cookies\">support.microsoft.com\/de-us\/help\/17442\/windows-internetexplorer-delete-manage-cookies<\/a><\/li><li>Firefox, von <a href=\"http:\/\/support.mozilla.org\/kb\/kb\/en\/en\/enable-and-disable-cookies-websites-tracking-preferences\">support.mozilla.org\/kb\/kb\/de\/de\/enable-and-disable-cookies-websites-tracking-preferences<\/a><\/li><li>Safari, von <a href=\"http:\/\/support.apple.com\/en\/en\/guide\/safari\/sfri11471\/mac\">support.apple.com\/de\/de\/guide\/safari\/sfri11471\/mac<\/a><\/li><\/ol><\/li><\/ol><p>Die Deaktivierung von Google Analytics-Cookies wird Sie nicht daran hindern, diese Website zu nutzen. Wenn Sie \u00fcber Ihren Browser alle Cookies von dieser Website l\u00f6schen, l\u00f6schen Sie auch die Einstellungen, die Sie f\u00fcr unsere Cookies gew\u00e4hlt haben. In jedem Fall m\u00fcssen Sie auf die aktuellste Version des jeweiligen Browsers zugreifen. Sollten Sie einen anderen als den oben genannten Internetbrowser verwenden, empfehlen wir Ihnen, die verschiedenen Optionen zur Cookie-Verwaltung zu konsultieren, die in diesem Browser zu einem bestimmten Zeitpunkt verf\u00fcgbar sind.  <\/p><p><strong>6. \u00c4NDERUNGEN AN DER COOKIE-RICHTLINIE<\/strong><\/p><p>Um sicherzustellen, dass die Cookie-Richtlinien des f\u00fcr die Verarbeitung Verantwortlichen stets den jeweils geltenden gesetzlichen Anforderungen entsprechen, beh\u00e4lt sich der f\u00fcr die Verarbeitung Verantwortliche das Recht vor, diese Cookie-Richtlinie zu \u00e4ndern, um den jeweils geltenden gesetzlichen Anforderungen zu entsprechen.<\/p><p><strong>7. INTERNATIONALE DATENKOMMUNIKATION UND -\u00dcBERMITTLUNG<\/strong><\/p><p>Die Cookies von Drittanbietern, die auf der Website verwendet werden, geh\u00f6ren Google, das seinen Sitz in den Vereinigten Staaten hat und sich au\u00dferhalb des Europ\u00e4ischen Wirtschaftsraums befindet. Google ist ein Unterzeichner des EU-US Privacy Shield Framework. <\/p><p>Die Daten werden nicht an Dritte weitergegeben, es sei denn, dies ist in den vorgenannten Datenschutzbestimmungen von Google vorgesehen.<\/p><p><strong>8. DATENSCHUTZPOLITIK<\/strong><\/p><p>Bitte lesen Sie unsere Datenschutzerkl\u00e4rung f\u00fcr weitere Informationen \u00fcber die Verarbeitung personenbezogener Daten.<\/p><p><strong>9. RECHTE DES BENUTZERS<\/strong><\/p><p>Der Nutzer kann die Rechte auf Auskunft, Berichtigung, L\u00f6schung, Widerspruch, Einschr\u00e4nkung der Verarbeitung und ggf. \u00dcbertragbarkeit aus\u00fcben sowie seine Zustimmung zu der Verarbeitung, f\u00fcr die der Datenverantwortliche verantwortlich ist, widerrufen. Zur wirksamen Aus\u00fcbung dieser Rechte muss der Nutzer den Antrag schriftlich an folgende Adresse richten: suppor@wientickets.org, und seine Identit\u00e4t nachweisen, indem er seinen Vor- und Nachnamen, eine Fotokopie seines Personalausweises oder eines gleichwertigen Ausweises zum Nachweis seiner Identit\u00e4t, einen Antrag mit Angabe des Anliegens, die Adresse f\u00fcr die Zustellung sowie das Datum und die Unterschrift des Antragstellers angibt. <\/p><p>F\u00fcr die Aus\u00fcbung von Rechten gegen\u00fcber Google sollten Sie sich auf die oben genannten Bestimmungen der Datenschutzrichtlinie beziehen.<\/p><p>Ebenso kann der Benutzer eine Beschwerde bei der spanischen Datenschutzbeh\u00f6rde (zust\u00e4ndige Kontrollbeh\u00f6rde in dieser Angelegenheit in Spanien) einreichen, insbesondere wenn die Aus\u00fcbung seiner Rechte nicht zufriedenstellend war, und zwar schriftlich an die Adresse C\/ Jorge Juan, n\u00ba 6, 28001 &#8211; Madrid, oder \u00fcber die Website: <a href=\"http:\/\/www.agpd.es\">www.agpd.es.<\/a><\/p><p><\/p>\t\t\t\t\t\t\t\t<\/div>\n\t\t\t\t<\/div>\n\t\t\t\t\t<\/div>\n\t\t<\/div>\n\t\t\t\t\t<\/div>\n\t\t<\/section>\n\t\t\t\t<\/div>\n\t\t","protected":false},"excerpt":{"rendered":"<p>Cookies-Richtlinie 1. IDENTIFIZIERUNG UND KONTAKTANGABEN DES F\u00dcR DIE VERARBEITUNG VERANTWORTLICHEN , ID-Nummer , mit Sitz in der Calle Balmes n\u00ba 32, Principal 2\u00aa, C.P. 08007 Barcelona (Spanien) und eingetragen im Companies House of (Barcelona) unter Band 47314, Seite 29 (im Folgenden der &#8222;Datenverantwortliche&#8220;), ist f\u00fcr die Verarbeitung der Daten verantwortlich, die infolge des Zugriffs, der [&hellip;]<\/p>\n","protected":false},"author":1,"featured_media":0,"parent":0,"menu_order":0,"comment_status":"closed","ping_status":"closed","template":"elementor_header_footer","meta":{"footnotes":""},"class_list":["post-413","page","type-page","status-publish","hentry"],"yoast_head":"<!-- This site is optimized with the Yoast SEO plugin v26.7 - https:\/\/yoast.com\/wordpress\/plugins\/seo\/ -->\n<title>Cookies-Richtlinie | Belvedere Palace Website<\/title>\n<meta name=\"description\" content=\"Erfahren Sie, wie Cookies auf der Website des Belvedere Palace verwendet werden, um die Navigation zu verbessern, den Datenverkehr zu analysieren und Ihr Surferlebnis zu verbessern.\" \/>\n<meta name=\"robots\" content=\"index, follow, max-snippet:-1, max-image-preview:large, max-video-preview:-1\" \/>\n<link rel=\"canonical\" href=\"https:\/\/belvederepalace.wientickets.org\/de\/cookies-richtlinie\/\" \/>\n<meta property=\"og:locale\" content=\"de_DE\" \/>\n<meta property=\"og:type\" content=\"article\" \/>\n<meta property=\"og:title\" content=\"Cookies-Richtlinie | Belvedere Palace Website\" \/>\n<meta property=\"og:description\" content=\"Erfahren Sie, wie Cookies auf der Website des Belvedere Palace verwendet werden, um die Navigation zu verbessern, den Datenverkehr zu analysieren und Ihr Surferlebnis zu verbessern.\" \/>\n<meta property=\"og:url\" content=\"https:\/\/belvederepalace.wientickets.org\/de\/cookies-richtlinie\/\" \/>\n<meta property=\"og:site_name\" content=\"Belvedere Palace Tickets\" \/>\n<meta property=\"article:modified_time\" content=\"2025-11-06T16:29:50+00:00\" \/>\n<meta property=\"og:image\" content=\"https:\/\/belvederepalace.wientickets.org\/wp-content\/uploads\/2025\/10\/Ticket-Management-System-SL.png\" \/>\n\t<meta property=\"og:image:width\" content=\"277\" \/>\n\t<meta property=\"og:image:height\" content=\"20\" \/>\n\t<meta property=\"og:image:type\" content=\"image\/png\" \/>\n<meta name=\"twitter:card\" content=\"summary_large_image\" \/>\n<meta name=\"twitter:label1\" content=\"Gesch\u00e4tzte Lesezeit\" \/>\n\t<meta name=\"twitter:data1\" content=\"4 Minuten\" \/>\n<script type=\"application\/ld+json\" class=\"yoast-schema-graph\">{\"@context\":\"https:\/\/schema.org\",\"@graph\":[{\"@type\":\"WebPage\",\"@id\":\"https:\/\/belvederepalace.wientickets.org\/de\/cookies-richtlinie\/\",\"url\":\"https:\/\/belvederepalace.wientickets.org\/de\/cookies-richtlinie\/\",\"name\":\"Cookies-Richtlinie | Belvedere Palace Website\",\"isPartOf\":{\"@id\":\"https:\/\/belvederepalace.wientickets.org\/de\/#website\"},\"primaryImageOfPage\":{\"@id\":\"https:\/\/belvederepalace.wientickets.org\/de\/cookies-richtlinie\/#primaryimage\"},\"image\":{\"@id\":\"https:\/\/belvederepalace.wientickets.org\/de\/cookies-richtlinie\/#primaryimage\"},\"thumbnailUrl\":\"https:\/\/belvederepalace.wientickets.org\/wp-content\/uploads\/2025\/10\/Ticket-Management-System-SL.png\",\"datePublished\":\"2025-10-27T14:13:08+00:00\",\"dateModified\":\"2025-11-06T16:29:50+00:00\",\"description\":\"Erfahren Sie, wie Cookies auf der Website des Belvedere Palace verwendet werden, um die Navigation zu verbessern, den Datenverkehr zu analysieren und Ihr Surferlebnis zu verbessern.\",\"breadcrumb\":{\"@id\":\"https:\/\/belvederepalace.wientickets.org\/de\/cookies-richtlinie\/#breadcrumb\"},\"inLanguage\":\"de\",\"potentialAction\":[{\"@type\":\"ReadAction\",\"target\":[\"https:\/\/belvederepalace.wientickets.org\/de\/cookies-richtlinie\/\"]}]},{\"@type\":\"ImageObject\",\"inLanguage\":\"de\",\"@id\":\"https:\/\/belvederepalace.wientickets.org\/de\/cookies-richtlinie\/#primaryimage\",\"url\":\"https:\/\/belvederepalace.wientickets.org\/wp-content\/uploads\/2025\/10\/Ticket-Management-System-SL.png\",\"contentUrl\":\"https:\/\/belvederepalace.wientickets.org\/wp-content\/uploads\/2025\/10\/Ticket-Management-System-SL.png\"},{\"@type\":\"BreadcrumbList\",\"@id\":\"https:\/\/belvederepalace.wientickets.org\/de\/cookies-richtlinie\/#breadcrumb\",\"itemListElement\":[{\"@type\":\"ListItem\",\"position\":1,\"name\":\"Home\",\"item\":\"https:\/\/belvederepalace.wientickets.org\/de\/\"},{\"@type\":\"ListItem\",\"position\":2,\"name\":\"Cookies-Richtlinie\"}]},{\"@type\":\"WebSite\",\"@id\":\"https:\/\/belvederepalace.wientickets.org\/de\/#website\",\"url\":\"https:\/\/belvederepalace.wientickets.org\/de\/\",\"name\":\"Belvedere Palace Tickets\",\"description\":\"\",\"publisher\":{\"@id\":\"https:\/\/belvederepalace.wientickets.org\/de\/#organization\"},\"potentialAction\":[{\"@type\":\"SearchAction\",\"target\":{\"@type\":\"EntryPoint\",\"urlTemplate\":\"https:\/\/belvederepalace.wientickets.org\/de\/?s={search_term_string}\"},\"query-input\":{\"@type\":\"PropertyValueSpecification\",\"valueRequired\":true,\"valueName\":\"search_term_string\"}}],\"inLanguage\":\"de\"},{\"@type\":\"Organization\",\"@id\":\"https:\/\/belvederepalace.wientickets.org\/de\/#organization\",\"name\":\"Schloss Belvedere Tickets\",\"url\":\"https:\/\/belvederepalace.wientickets.org\/de\/\",\"logo\":{\"@type\":\"ImageObject\",\"inLanguage\":\"de\",\"@id\":\"https:\/\/belvederepalace.wientickets.org\/de\/#\/schema\/logo\/image\/\",\"url\":\"https:\/\/belvederepalace.wientickets.org\/wp-content\/uploads\/2024\/08\/belvedere-palace-tickets-logo.png\",\"contentUrl\":\"https:\/\/belvederepalace.wientickets.org\/wp-content\/uploads\/2024\/08\/belvedere-palace-tickets-logo.png\",\"width\":375,\"height\":70,\"caption\":\"Schloss Belvedere Tickets\"},\"image\":{\"@id\":\"https:\/\/belvederepalace.wientickets.org\/de\/#\/schema\/logo\/image\/\"}}]}<\/script>\n<!-- \/ Yoast SEO plugin. -->","yoast_head_json":{"title":"Cookies-Richtlinie | Belvedere Palace Website","description":"Erfahren Sie, wie Cookies auf der Website des Belvedere Palace verwendet werden, um die Navigation zu verbessern, den Datenverkehr zu analysieren und Ihr Surferlebnis zu verbessern.","robots":{"index":"index","follow":"follow","max-snippet":"max-snippet:-1","max-image-preview":"max-image-preview:large","max-video-preview":"max-video-preview:-1"},"canonical":"https:\/\/belvederepalace.wientickets.org\/de\/cookies-richtlinie\/","og_locale":"de_DE","og_type":"article","og_title":"Cookies-Richtlinie | Belvedere Palace Website","og_description":"Erfahren Sie, wie Cookies auf der Website des Belvedere Palace verwendet werden, um die Navigation zu verbessern, den Datenverkehr zu analysieren und Ihr Surferlebnis zu verbessern.","og_url":"https:\/\/belvederepalace.wientickets.org\/de\/cookies-richtlinie\/","og_site_name":"Belvedere Palace Tickets","article_modified_time":"2025-11-06T16:29:50+00:00","og_image":[{"width":277,"height":20,"url":"https:\/\/belvederepalace.wientickets.org\/wp-content\/uploads\/2025\/10\/Ticket-Management-System-SL.png","type":"image\/png"}],"twitter_card":"summary_large_image","twitter_misc":{"Gesch\u00e4tzte Lesezeit":"4 Minuten"},"schema":{"@context":"https:\/\/schema.org","@graph":[{"@type":"WebPage","@id":"https:\/\/belvederepalace.wientickets.org\/de\/cookies-richtlinie\/","url":"https:\/\/belvederepalace.wientickets.org\/de\/cookies-richtlinie\/","name":"Cookies-Richtlinie | Belvedere Palace Website","isPartOf":{"@id":"https:\/\/belvederepalace.wientickets.org\/de\/#website"},"primaryImageOfPage":{"@id":"https:\/\/belvederepalace.wientickets.org\/de\/cookies-richtlinie\/#primaryimage"},"image":{"@id":"https:\/\/belvederepalace.wientickets.org\/de\/cookies-richtlinie\/#primaryimage"},"thumbnailUrl":"https:\/\/belvederepalace.wientickets.org\/wp-content\/uploads\/2025\/10\/Ticket-Management-System-SL.png","datePublished":"2025-10-27T14:13:08+00:00","dateModified":"2025-11-06T16:29:50+00:00","description":"Erfahren Sie, wie Cookies auf der Website des Belvedere Palace verwendet werden, um die Navigation zu verbessern, den Datenverkehr zu analysieren und Ihr Surferlebnis zu verbessern.","breadcrumb":{"@id":"https:\/\/belvederepalace.wientickets.org\/de\/cookies-richtlinie\/#breadcrumb"},"inLanguage":"de","potentialAction":[{"@type":"ReadAction","target":["https:\/\/belvederepalace.wientickets.org\/de\/cookies-richtlinie\/"]}]},{"@type":"ImageObject","inLanguage":"de","@id":"https:\/\/belvederepalace.wientickets.org\/de\/cookies-richtlinie\/#primaryimage","url":"https:\/\/belvederepalace.wientickets.org\/wp-content\/uploads\/2025\/10\/Ticket-Management-System-SL.png","contentUrl":"https:\/\/belvederepalace.wientickets.org\/wp-content\/uploads\/2025\/10\/Ticket-Management-System-SL.png"},{"@type":"BreadcrumbList","@id":"https:\/\/belvederepalace.wientickets.org\/de\/cookies-richtlinie\/#breadcrumb","itemListElement":[{"@type":"ListItem","position":1,"name":"Home","item":"https:\/\/belvederepalace.wientickets.org\/de\/"},{"@type":"ListItem","position":2,"name":"Cookies-Richtlinie"}]},{"@type":"WebSite","@id":"https:\/\/belvederepalace.wientickets.org\/de\/#website","url":"https:\/\/belvederepalace.wientickets.org\/de\/","name":"Belvedere Palace Tickets","description":"","publisher":{"@id":"https:\/\/belvederepalace.wientickets.org\/de\/#organization"},"potentialAction":[{"@type":"SearchAction","target":{"@type":"EntryPoint","urlTemplate":"https:\/\/belvederepalace.wientickets.org\/de\/?s={search_term_string}"},"query-input":{"@type":"PropertyValueSpecification","valueRequired":true,"valueName":"search_term_string"}}],"inLanguage":"de"},{"@type":"Organization","@id":"https:\/\/belvederepalace.wientickets.org\/de\/#organization","name":"Schloss Belvedere Tickets","url":"https:\/\/belvederepalace.wientickets.org\/de\/","logo":{"@type":"ImageObject","inLanguage":"de","@id":"https:\/\/belvederepalace.wientickets.org\/de\/#\/schema\/logo\/image\/","url":"https:\/\/belvederepalace.wientickets.org\/wp-content\/uploads\/2024\/08\/belvedere-palace-tickets-logo.png","contentUrl":"https:\/\/belvederepalace.wientickets.org\/wp-content\/uploads\/2024\/08\/belvedere-palace-tickets-logo.png","width":375,"height":70,"caption":"Schloss Belvedere Tickets"},"image":{"@id":"https:\/\/belvederepalace.wientickets.org\/de\/#\/schema\/logo\/image\/"}}]}},"_links":{"self":[{"href":"https:\/\/belvederepalace.wientickets.org\/de\/wp-json\/wp\/v2\/pages\/413","targetHints":{"allow":["GET"]}}],"collection":[{"href":"https:\/\/belvederepalace.wientickets.org\/de\/wp-json\/wp\/v2\/pages"}],"about":[{"href":"https:\/\/belvederepalace.wientickets.org\/de\/wp-json\/wp\/v2\/types\/page"}],"author":[{"embeddable":true,"href":"https:\/\/belvederepalace.wientickets.org\/de\/wp-json\/wp\/v2\/users\/1"}],"replies":[{"embeddable":true,"href":"https:\/\/belvederepalace.wientickets.org\/de\/wp-json\/wp\/v2\/comments?post=413"}],"version-history":[{"count":1,"href":"https:\/\/belvederepalace.wientickets.org\/de\/wp-json\/wp\/v2\/pages\/413\/revisions"}],"predecessor-version":[{"id":414,"href":"https:\/\/belvederepalace.wientickets.org\/de\/wp-json\/wp\/v2\/pages\/413\/revisions\/414"}],"wp:attachment":[{"href":"https:\/\/belvederepalace.wientickets.org\/de\/wp-json\/wp\/v2\/media?parent=413"}],"curies":[{"name":"wp","href":"https:\/\/api.w.org\/{rel}","templated":true}]}}