{"id":2770,"date":"2025-10-27T14:13:08","date_gmt":"2025-10-27T14:13:08","guid":{"rendered":"https:\/\/belvederepalace.wientickets.org\/politica-de-cookies\/"},"modified":"2026-01-26T10:55:23","modified_gmt":"2026-01-26T10:55:23","slug":"politica-de-cookies","status":"publish","type":"page","link":"https:\/\/belvederepalace.wientickets.org\/es\/politica-de-cookies\/","title":{"rendered":"Pol\u00edtica de Cookies"},"content":{"rendered":"\t\t<div data-elementor-type=\"wp-page\" data-elementor-id=\"2770\" class=\"elementor elementor-2770 elementor-359\">\n\t\t\t\t\t\t<section class=\"elementor-section elementor-top-section elementor-element elementor-element-6f5b30d elementor-section-boxed elementor-section-height-default elementor-section-height-default\" data-id=\"6f5b30d\" data-element_type=\"section\">\n\t\t\t\t\t\t<div class=\"elementor-container elementor-column-gap-default\">\n\t\t\t\t\t<div class=\"elementor-column elementor-col-100 elementor-top-column elementor-element elementor-element-2cb0145\" data-id=\"2cb0145\" data-element_type=\"column\">\n\t\t\t<div class=\"elementor-widget-wrap elementor-element-populated\">\n\t\t\t\t\t\t<div class=\"elementor-element elementor-element-b55205e elementor-widget elementor-widget-heading\" data-id=\"b55205e\" data-element_type=\"widget\" data-widget_type=\"heading.default\">\n\t\t\t\t<div class=\"elementor-widget-container\">\n\t\t\t\t\t<h1 class=\"elementor-heading-title elementor-size-default\">Pol\u00edtica de Cookies<\/h1>\t\t\t\t<\/div>\n\t\t\t\t<\/div>\n\t\t\t\t<div class=\"elementor-element elementor-element-1369c71 elementor-widget elementor-widget-text-editor\" data-id=\"1369c71\" data-element_type=\"widget\" data-widget_type=\"text-editor.default\">\n\t\t\t\t<div class=\"elementor-widget-container\">\n\t\t\t\t\t\t\t\t\t<p><strong>1. IDENTIFICACI\u00d3N Y DATOS DE CONTACTO DEL CONTROLADOR<\/strong><\/p><p><img decoding=\"async\" class=\"alignnone size-full wp-image-354\" src=\"https:\/\/belvederepalace.wientickets.org\/wp-content\/uploads\/2025\/10\/Ticket-Management-System-SL.png\" alt=\"\" width=\"277\" height=\"20\">, n\u00famero <img decoding=\"async\" class=\"alignnone size-full wp-image-355\" src=\"https:\/\/belvederepalace.wientickets.org\/wp-content\/uploads\/2025\/10\/NIF-TMS.jpg\" alt=\"\" width=\"111\" height=\"16\">de identificaci\u00f3n, sede en Calle Balmes n\u00ba 32, Principal 2\u00aa, C.P. 08007 Barcelona (Espa\u00f1a) y registrada en la Casa de Empresas de Barcelona bajo el volumen 47314, p\u00e1gina 29 (en adelante, <em>el \u00abResponsable de Datos\u00bb),<\/em> es responsable del tratamiento de los datos recogidos o generados como resultado del acceso, uso y navegaci\u00f3n por parte de los usuarios de belvederepalace.wientickets.org (en adelante, el \u00ab<em>Usuario<\/em>\u00bb o \u00ab<em>Usuarios<\/em>\u00bb y la \u00ab<em>P\u00e1gina Web<\/em>\u00bb o la \u00ab<em>Web<\/em>\u00ab\u00bb respectivamente), y utiliza cookies con el prop\u00f3sito de monitorizar los h\u00e1bitos de navegaci\u00f3n de los usuarios en esta web, tal como se indica en esta pol\u00edtica de cookies (en adelante, la \u00ab<em>Pol\u00edtica de cookies<\/em>\u00ab).<\/p><p><strong>2. CONCEPTO<\/strong><\/p><p>Una cookie es un archivo que se descarga al hardware que utiliza el usuario al acceder a ciertas p\u00e1ginas web para almacenar y recuperar informaci\u00f3n sobre la navegaci\u00f3n realizada desde su dispositivo. As\u00ed, la informaci\u00f3n recogida a trav\u00e9s de las cookies nos permite obtener informaci\u00f3n sobre los h\u00e1bitos de navegaci\u00f3n de los usuarios. <\/p><p><strong>3. TIPOS DE COOKIES Y PROCESAMIENTO DE DATOS POR COOKIES<\/strong><\/p><p>Este sitio web solo permite el uso de cookies de la herramienta Google Analytics perteneciente a Google, Inc. (en adelante, \u00ab<em>Google<\/em>\u00ab), una empresa registrada en Delaware, en 1600 Amphitheatre Parkway, Mountain View (California), CA 94043, EE. UU., que por tanto es el tercero responsable de los datos personales.<\/p><p>En este sentido, Google Analytics captura las interacciones de los usuarios en el sitio web (hora de visita, si el usuario ha estado en el sitio antes, qu\u00e9 sitio le ha recomendado visitar el sitio web en cuesti\u00f3n, direcci\u00f3n IP, etc.) y no proporciona al Responsable de Datos ninguna informaci\u00f3n sobre la direcci\u00f3n IP real del usuario,  pero solo proporciona informaci\u00f3n estad\u00edstica que consiste en visitas (visitante individual, n\u00famero de p\u00e1ginas vistas, p\u00e1gina\/vista, duraci\u00f3n media de la visita, tasa de rebote, porcentaje de visitas nuevas, visitantes nuevos y recurrentes, frecuencia y visitas recientes, interacciones, p\u00e1ginas visitadas), demograf\u00eda (idioma, pa\u00eds\/territorio, ciudad), sistema (navegador, sistema operativo, proveedor de acceso a Internet, categor\u00eda de dispositivo), fuente\/medio, etc.<\/p><p><strong>4. PROP\u00d3SITO DE LAS GALLETAS<\/strong><\/p><p>El objetivo es que el Responsable de Datos pueda informarse sobre los h\u00e1bitos de navegaci\u00f3n de los usuarios del sitio web y consultar diversos informes que describan c\u00f3mo interact\u00faan los usuarios que visitan el sitio web con el fin de mejorarlo. A trav\u00e9s de esta informaci\u00f3n, el Controlador de Datos puede analizar la navegaci\u00f3n de los usuarios del sitio web, y Google Analytics tambi\u00e9n informa de las tendencias del sitio web sin identificar a sus usuarios. <\/p><p>Por otro lado, el usuario puede consultar los t\u00e9rminos y condiciones generales de <a href=\"http:\/\/www.google.com\/analytics\/tos.html\">Google en www.google.com\/analytics\/tos.html<\/a> y su pol\u00edtica de privacidad en <a href=\"http:\/\/www.google.com\/intl\/es\/policies\/privacy\">www.google.com\/intl\/es\/policies\/privacy<\/a>.<\/p><p>Sin embargo, el Responsable de Datos no puede controlar ni se hace responsable del contenido ni de la veracidad de los t\u00e9rminos y condiciones y pol\u00edticas de privacidad de Google mencionados en esta Pol\u00edtica de Cookies.<\/p><p><strong>5. DESACTIVAR LAS GALLETAS<\/strong><\/p><p>Los visitantes del sitio web pueden revocar el consentimiento dado mediante el bot\u00f3n en la parte superior de esta Pol\u00edtica de Cookies en cualquier momento.<\/p><p>Alternativamente, tambi\u00e9n puedes desactivar las cookies de Google Analytics utilizando los siguientes sistemas:<\/p><ol><li>El sistema de desvinculaci\u00f3n de Google Analytics accesible en el siguiente enlace:<ol><li><a href=\"https:\/\/tools.google.com\/dlpage\/gaoptout?hl=es\">https:\/\/tools.google.com\/dlpage\/gaoptout?hl=es<\/a><\/li><\/ol><\/li><li>Configuraci\u00f3n del navegador; Por ejemplo:<ol><li>Chrome, de <a href=\"http:\/\/support.google.com\/chrome\/answer\/95647?hl=en\">support.google.com\/chrome\/answer\/95647?hl=en<\/a><\/li><li>Explorer, de <a href=\"http:\/\/support.microsoft.com\/en-us\/help\/17442\/windows-internetexplorer-delete-manage-cookies\">support.microsoft.com\/en-us\/help\/17442\/windows-internetexplorer-delete-manage-cookies<\/a><\/li><li>Firefox, de <a href=\"http:\/\/support.mozilla.org\/kb\/kb\/en\/en\/enable-and-disable-cookies-websites-tracking-preferences\">support.mozilla.org\/kb\/kb\/en\/en\/enable-and-disable-cookies-websites-tracking-preferences<\/a><\/li><li>Safari, desde <a href=\"http:\/\/support.apple.com\/en\/en\/guide\/safari\/sfri11471\/mac\">support.apple.com\/en\/en\/guide\/safari\/sfri11471\/mac<\/a><\/li><\/ol><\/li><\/ol><p>Desactivar las cookies de Google Analytics no te impedir\u00e1 usar este sitio web. Si eliminas todas las cookies de este sitio web a trav\u00e9s de tu navegador, tambi\u00e9n eliminar\u00e1s la configuraci\u00f3n que hayas elegido para nuestras cookies. En cualquier caso, debes acceder a la versi\u00f3n m\u00e1s actualizada de cada navegador y, en caso de que utilices cualquier otro navegador de Internet de los indicados anteriormente, te recomendamos que consultes las diferentes opciones de gesti\u00f3n de cookies que puedan estar disponibles en el mismo en cada momento.  <\/p><p><strong>6. CAMBIOS EN LA POL\u00cdTICA DE COOKIES<\/strong><\/p><p>Para garantizar que las directrices de cookies del Responsable de Datos cumplan siempre con los requisitos legales vigentes en cada momento, el Responsable de Datos se reserva el derecho de realizar cambios en esta Pol\u00edtica de Cookies para cumplir con los requisitos legales aplicables en cada momento.<\/p><p><strong>7. COMUNICACIONES Y TRANSFERENCIAS INTERNACIONALES DE DATOS<\/strong><\/p><p>Las cookies de terceros utilizadas en el sitio web pertenecen a Google, ubicada en Estados Unidos, fuera del Espacio Econ\u00f3mico Europeo. Google es signatario del Marco del Escudo de Privacidad UE-EE. UU. <\/p><p>Los datos no ser\u00e1n comunicados a terceros, salvo lo que se disponga en la pol\u00edtica de privacidad mencionada anteriormente de Google.<\/p><p><strong>8. POL\u00cdTICA DE PRIVACIDAD<\/strong><\/p><p>Por favor, lea nuestra pol\u00edtica de privacidad para m\u00e1s informaci\u00f3n sobre el tratamiento de datos personales.<\/p><p><strong>9. DERECHOS DEL USUARIO<\/strong><\/p><p>El Usuario puede ejercer los derechos de acceso, rectificaci\u00f3n, eliminaci\u00f3n, oposici\u00f3n, limitaci\u00f3n de tratamiento y portabilidad, cuando corresponda, as\u00ed como revocar su consentimiento respecto al tratamiento del que el Responsable de Datos es responsable. Para el ejercicio efectivo de estos derechos, el Usuario debe presentar la solicitud por escrito a la siguiente direcci\u00f3n: suppor@wientickets.org, y demostrar su identidad proporcionando su nombre y apellido(s), una fotocopia de su Carn\u00e9 Nacional de Identidad o documento de identificaci\u00f3n equivalente que lo demuestre, una petici\u00f3n que especifique la solicitud, la direcci\u00f3n para fines de notificaci\u00f3n y la fecha y firma del solicitante. <\/p><p>Para el ejercicio de derechos contra Google, deber\u00edas consultar las disposiciones de su pol\u00edtica de privacidad indicadas anteriormente.<\/p><p>Asimismo, el Usuario puede presentar una queja ante la Agencia Espa\u00f1ola de Protecci\u00f3n de Datos (Autoridad de Control competente en este asunto en Espa\u00f1a), especialmente cuando el ejercicio de sus derechos haya sido insatisfactorio, por escrito a C\/ Jorge Juan, n\u00ba 6, 28001 \u2013 Madrid, o a trav\u00e9s de la web: <a href=\"http:\/\/www.agpd.es\">www.agpd.es<\/a>.<\/p><p><\/p>\t\t\t\t\t\t\t\t<\/div>\n\t\t\t\t<\/div>\n\t\t\t\t\t<\/div>\n\t\t<\/div>\n\t\t\t\t\t<\/div>\n\t\t<\/section>\n\t\t\t\t<\/div>\n\t\t","protected":false},"excerpt":{"rendered":"<p>Pol\u00edtica de Cookies 1. IDENTIFICACI\u00d3N Y DATOS DE CONTACTO DEL CONTROLADOR , n\u00famero de identificaci\u00f3n, sede en Calle Balmes n\u00ba 32, Principal 2\u00aa, C.P. 08007 Barcelona (Espa\u00f1a) y registrada en la Casa de Empresas de Barcelona bajo el volumen 47314, p\u00e1gina 29 (en adelante, el \u00abResponsable de Datos\u00bb), es responsable del tratamiento de los datos [&hellip;]<\/p>\n","protected":false},"author":1,"featured_media":0,"parent":0,"menu_order":0,"comment_status":"closed","ping_status":"closed","template":"elementor_header_footer","meta":{"footnotes":""},"class_list":["post-2770","page","type-page","status-publish","hentry"],"yoast_head":"<!-- This site is optimized with the Yoast SEO plugin v26.7 - https:\/\/yoast.com\/wordpress\/plugins\/seo\/ -->\n<title>Pol\u00edtica de Cookies | P\u00e1gina web del Palacio Belvedere<\/title>\n<meta name=\"description\" content=\"Aprende c\u00f3mo se utilizan las cookies en la web del Palacio Belvedere para mejorar la navegaci\u00f3n, analizar el tr\u00e1fico y mejorar tu experiencia de navegaci\u00f3n.\" \/>\n<meta name=\"robots\" content=\"index, follow, max-snippet:-1, max-image-preview:large, max-video-preview:-1\" \/>\n<link rel=\"canonical\" href=\"https:\/\/belvederepalace.wientickets.org\/es\/politica-de-cookies\/\" \/>\n<meta property=\"og:locale\" content=\"es_ES\" \/>\n<meta property=\"og:type\" content=\"article\" \/>\n<meta property=\"og:title\" content=\"Pol\u00edtica de Cookies | P\u00e1gina web del Palacio Belvedere\" \/>\n<meta property=\"og:description\" content=\"Aprende c\u00f3mo se utilizan las cookies en la web del Palacio Belvedere para mejorar la navegaci\u00f3n, analizar el tr\u00e1fico y mejorar tu experiencia de navegaci\u00f3n.\" \/>\n<meta property=\"og:url\" content=\"https:\/\/belvederepalace.wientickets.org\/es\/politica-de-cookies\/\" \/>\n<meta property=\"og:site_name\" content=\"Belvedere Palace Tickets\" \/>\n<meta property=\"article:modified_time\" content=\"2026-01-26T10:55:23+00:00\" \/>\n<meta property=\"og:image\" content=\"https:\/\/belvederepalace.wientickets.org\/wp-content\/uploads\/2025\/10\/Ticket-Management-System-SL.png\" \/>\n\t<meta property=\"og:image:width\" content=\"277\" \/>\n\t<meta property=\"og:image:height\" content=\"20\" \/>\n\t<meta property=\"og:image:type\" content=\"image\/png\" \/>\n<meta name=\"twitter:card\" content=\"summary_large_image\" \/>\n<meta name=\"twitter:label1\" content=\"Tiempo de lectura\" \/>\n\t<meta name=\"twitter:data1\" content=\"5 minutos\" \/>\n<script type=\"application\/ld+json\" class=\"yoast-schema-graph\">{\"@context\":\"https:\/\/schema.org\",\"@graph\":[{\"@type\":\"WebPage\",\"@id\":\"https:\/\/belvederepalace.wientickets.org\/es\/politica-de-cookies\/\",\"url\":\"https:\/\/belvederepalace.wientickets.org\/es\/politica-de-cookies\/\",\"name\":\"Pol\u00edtica de Cookies | P\u00e1gina web del Palacio Belvedere\",\"isPartOf\":{\"@id\":\"https:\/\/belvederepalace.wientickets.org\/es\/#website\"},\"primaryImageOfPage\":{\"@id\":\"https:\/\/belvederepalace.wientickets.org\/es\/politica-de-cookies\/#primaryimage\"},\"image\":{\"@id\":\"https:\/\/belvederepalace.wientickets.org\/es\/politica-de-cookies\/#primaryimage\"},\"thumbnailUrl\":\"https:\/\/belvederepalace.wientickets.org\/wp-content\/uploads\/2025\/10\/Ticket-Management-System-SL.png\",\"datePublished\":\"2025-10-27T14:13:08+00:00\",\"dateModified\":\"2026-01-26T10:55:23+00:00\",\"description\":\"Aprende c\u00f3mo se utilizan las cookies en la web del Palacio Belvedere para mejorar la navegaci\u00f3n, analizar el tr\u00e1fico y mejorar tu experiencia de navegaci\u00f3n.\",\"breadcrumb\":{\"@id\":\"https:\/\/belvederepalace.wientickets.org\/es\/politica-de-cookies\/#breadcrumb\"},\"inLanguage\":\"es\",\"potentialAction\":[{\"@type\":\"ReadAction\",\"target\":[\"https:\/\/belvederepalace.wientickets.org\/es\/politica-de-cookies\/\"]}]},{\"@type\":\"ImageObject\",\"inLanguage\":\"es\",\"@id\":\"https:\/\/belvederepalace.wientickets.org\/es\/politica-de-cookies\/#primaryimage\",\"url\":\"https:\/\/belvederepalace.wientickets.org\/wp-content\/uploads\/2025\/10\/Ticket-Management-System-SL.png\",\"contentUrl\":\"https:\/\/belvederepalace.wientickets.org\/wp-content\/uploads\/2025\/10\/Ticket-Management-System-SL.png\"},{\"@type\":\"BreadcrumbList\",\"@id\":\"https:\/\/belvederepalace.wientickets.org\/es\/politica-de-cookies\/#breadcrumb\",\"itemListElement\":[{\"@type\":\"ListItem\",\"position\":1,\"name\":\"Home\",\"item\":\"https:\/\/belvederepalace.wientickets.org\/es\/\"},{\"@type\":\"ListItem\",\"position\":2,\"name\":\"Pol\u00edtica de Cookies\"}]},{\"@type\":\"WebSite\",\"@id\":\"https:\/\/belvederepalace.wientickets.org\/es\/#website\",\"url\":\"https:\/\/belvederepalace.wientickets.org\/es\/\",\"name\":\"Belvedere Palace Tickets\",\"description\":\"\",\"publisher\":{\"@id\":\"https:\/\/belvederepalace.wientickets.org\/es\/#organization\"},\"potentialAction\":[{\"@type\":\"SearchAction\",\"target\":{\"@type\":\"EntryPoint\",\"urlTemplate\":\"https:\/\/belvederepalace.wientickets.org\/es\/?s={search_term_string}\"},\"query-input\":{\"@type\":\"PropertyValueSpecification\",\"valueRequired\":true,\"valueName\":\"search_term_string\"}}],\"inLanguage\":\"es\"},{\"@type\":\"Organization\",\"@id\":\"https:\/\/belvederepalace.wientickets.org\/es\/#organization\",\"name\":\"Entradas para el Palacio Belvedere\",\"url\":\"https:\/\/belvederepalace.wientickets.org\/es\/\",\"logo\":{\"@type\":\"ImageObject\",\"inLanguage\":\"es\",\"@id\":\"https:\/\/belvederepalace.wientickets.org\/es\/#\/schema\/logo\/image\/\",\"url\":\"https:\/\/belvederepalace.wientickets.org\/wp-content\/uploads\/2024\/08\/belvedere-palace-tickets-logo.png\",\"contentUrl\":\"https:\/\/belvederepalace.wientickets.org\/wp-content\/uploads\/2024\/08\/belvedere-palace-tickets-logo.png\",\"width\":375,\"height\":70,\"caption\":\"Entradas para el Palacio Belvedere\"},\"image\":{\"@id\":\"https:\/\/belvederepalace.wientickets.org\/es\/#\/schema\/logo\/image\/\"}}]}<\/script>\n<!-- \/ Yoast SEO plugin. -->","yoast_head_json":{"title":"Pol\u00edtica de Cookies | P\u00e1gina web del Palacio Belvedere","description":"Aprende c\u00f3mo se utilizan las cookies en la web del Palacio Belvedere para mejorar la navegaci\u00f3n, analizar el tr\u00e1fico y mejorar tu experiencia de navegaci\u00f3n.","robots":{"index":"index","follow":"follow","max-snippet":"max-snippet:-1","max-image-preview":"max-image-preview:large","max-video-preview":"max-video-preview:-1"},"canonical":"https:\/\/belvederepalace.wientickets.org\/es\/politica-de-cookies\/","og_locale":"es_ES","og_type":"article","og_title":"Pol\u00edtica de Cookies | P\u00e1gina web del Palacio Belvedere","og_description":"Aprende c\u00f3mo se utilizan las cookies en la web del Palacio Belvedere para mejorar la navegaci\u00f3n, analizar el tr\u00e1fico y mejorar tu experiencia de navegaci\u00f3n.","og_url":"https:\/\/belvederepalace.wientickets.org\/es\/politica-de-cookies\/","og_site_name":"Belvedere Palace Tickets","article_modified_time":"2026-01-26T10:55:23+00:00","og_image":[{"width":277,"height":20,"url":"https:\/\/belvederepalace.wientickets.org\/wp-content\/uploads\/2025\/10\/Ticket-Management-System-SL.png","type":"image\/png"}],"twitter_card":"summary_large_image","twitter_misc":{"Tiempo de lectura":"5 minutos"},"schema":{"@context":"https:\/\/schema.org","@graph":[{"@type":"WebPage","@id":"https:\/\/belvederepalace.wientickets.org\/es\/politica-de-cookies\/","url":"https:\/\/belvederepalace.wientickets.org\/es\/politica-de-cookies\/","name":"Pol\u00edtica de Cookies | P\u00e1gina web del Palacio Belvedere","isPartOf":{"@id":"https:\/\/belvederepalace.wientickets.org\/es\/#website"},"primaryImageOfPage":{"@id":"https:\/\/belvederepalace.wientickets.org\/es\/politica-de-cookies\/#primaryimage"},"image":{"@id":"https:\/\/belvederepalace.wientickets.org\/es\/politica-de-cookies\/#primaryimage"},"thumbnailUrl":"https:\/\/belvederepalace.wientickets.org\/wp-content\/uploads\/2025\/10\/Ticket-Management-System-SL.png","datePublished":"2025-10-27T14:13:08+00:00","dateModified":"2026-01-26T10:55:23+00:00","description":"Aprende c\u00f3mo se utilizan las cookies en la web del Palacio Belvedere para mejorar la navegaci\u00f3n, analizar el tr\u00e1fico y mejorar tu experiencia de navegaci\u00f3n.","breadcrumb":{"@id":"https:\/\/belvederepalace.wientickets.org\/es\/politica-de-cookies\/#breadcrumb"},"inLanguage":"es","potentialAction":[{"@type":"ReadAction","target":["https:\/\/belvederepalace.wientickets.org\/es\/politica-de-cookies\/"]}]},{"@type":"ImageObject","inLanguage":"es","@id":"https:\/\/belvederepalace.wientickets.org\/es\/politica-de-cookies\/#primaryimage","url":"https:\/\/belvederepalace.wientickets.org\/wp-content\/uploads\/2025\/10\/Ticket-Management-System-SL.png","contentUrl":"https:\/\/belvederepalace.wientickets.org\/wp-content\/uploads\/2025\/10\/Ticket-Management-System-SL.png"},{"@type":"BreadcrumbList","@id":"https:\/\/belvederepalace.wientickets.org\/es\/politica-de-cookies\/#breadcrumb","itemListElement":[{"@type":"ListItem","position":1,"name":"Home","item":"https:\/\/belvederepalace.wientickets.org\/es\/"},{"@type":"ListItem","position":2,"name":"Pol\u00edtica de Cookies"}]},{"@type":"WebSite","@id":"https:\/\/belvederepalace.wientickets.org\/es\/#website","url":"https:\/\/belvederepalace.wientickets.org\/es\/","name":"Belvedere Palace Tickets","description":"","publisher":{"@id":"https:\/\/belvederepalace.wientickets.org\/es\/#organization"},"potentialAction":[{"@type":"SearchAction","target":{"@type":"EntryPoint","urlTemplate":"https:\/\/belvederepalace.wientickets.org\/es\/?s={search_term_string}"},"query-input":{"@type":"PropertyValueSpecification","valueRequired":true,"valueName":"search_term_string"}}],"inLanguage":"es"},{"@type":"Organization","@id":"https:\/\/belvederepalace.wientickets.org\/es\/#organization","name":"Entradas para el Palacio Belvedere","url":"https:\/\/belvederepalace.wientickets.org\/es\/","logo":{"@type":"ImageObject","inLanguage":"es","@id":"https:\/\/belvederepalace.wientickets.org\/es\/#\/schema\/logo\/image\/","url":"https:\/\/belvederepalace.wientickets.org\/wp-content\/uploads\/2024\/08\/belvedere-palace-tickets-logo.png","contentUrl":"https:\/\/belvederepalace.wientickets.org\/wp-content\/uploads\/2024\/08\/belvedere-palace-tickets-logo.png","width":375,"height":70,"caption":"Entradas para el Palacio Belvedere"},"image":{"@id":"https:\/\/belvederepalace.wientickets.org\/es\/#\/schema\/logo\/image\/"}}]}},"_links":{"self":[{"href":"https:\/\/belvederepalace.wientickets.org\/es\/wp-json\/wp\/v2\/pages\/2770","targetHints":{"allow":["GET"]}}],"collection":[{"href":"https:\/\/belvederepalace.wientickets.org\/es\/wp-json\/wp\/v2\/pages"}],"about":[{"href":"https:\/\/belvederepalace.wientickets.org\/es\/wp-json\/wp\/v2\/types\/page"}],"author":[{"embeddable":true,"href":"https:\/\/belvederepalace.wientickets.org\/es\/wp-json\/wp\/v2\/users\/1"}],"replies":[{"embeddable":true,"href":"https:\/\/belvederepalace.wientickets.org\/es\/wp-json\/wp\/v2\/comments?post=2770"}],"version-history":[{"count":1,"href":"https:\/\/belvederepalace.wientickets.org\/es\/wp-json\/wp\/v2\/pages\/2770\/revisions"}],"predecessor-version":[{"id":2771,"href":"https:\/\/belvederepalace.wientickets.org\/es\/wp-json\/wp\/v2\/pages\/2770\/revisions\/2771"}],"wp:attachment":[{"href":"https:\/\/belvederepalace.wientickets.org\/es\/wp-json\/wp\/v2\/media?parent=2770"}],"curies":[{"name":"wp","href":"https:\/\/api.w.org\/{rel}","templated":true}]}}