{"id":2772,"date":"2025-10-27T14:13:08","date_gmt":"2025-10-27T14:13:08","guid":{"rendered":"https:\/\/belvederepalace.wientickets.org\/politique-sur-les-cookies\/"},"modified":"2026-01-26T10:55:28","modified_gmt":"2026-01-26T10:55:28","slug":"politique-sur-les-cookies","status":"publish","type":"page","link":"https:\/\/belvederepalace.wientickets.org\/fr\/politique-sur-les-cookies\/","title":{"rendered":"Politique sur les cookies"},"content":{"rendered":"\t\t<div data-elementor-type=\"wp-page\" data-elementor-id=\"2772\" class=\"elementor elementor-2772 elementor-359\">\n\t\t\t\t\t\t<section class=\"elementor-section elementor-top-section elementor-element elementor-element-6f5b30d elementor-section-boxed elementor-section-height-default elementor-section-height-default\" data-id=\"6f5b30d\" data-element_type=\"section\">\n\t\t\t\t\t\t<div class=\"elementor-container elementor-column-gap-default\">\n\t\t\t\t\t<div class=\"elementor-column elementor-col-100 elementor-top-column elementor-element elementor-element-2cb0145\" data-id=\"2cb0145\" data-element_type=\"column\">\n\t\t\t<div class=\"elementor-widget-wrap elementor-element-populated\">\n\t\t\t\t\t\t<div class=\"elementor-element elementor-element-b55205e elementor-widget elementor-widget-heading\" data-id=\"b55205e\" data-element_type=\"widget\" data-widget_type=\"heading.default\">\n\t\t\t\t<div class=\"elementor-widget-container\">\n\t\t\t\t\t<h1 class=\"elementor-heading-title elementor-size-default\">Politique sur les cookies<\/h1>\t\t\t\t<\/div>\n\t\t\t\t<\/div>\n\t\t\t\t<div class=\"elementor-element elementor-element-1369c71 elementor-widget elementor-widget-text-editor\" data-id=\"1369c71\" data-element_type=\"widget\" data-widget_type=\"text-editor.default\">\n\t\t\t\t<div class=\"elementor-widget-container\">\n\t\t\t\t\t\t\t\t\t<p><strong>1. IDENTIFICATION ET COORDONN\u00c9ES DU CONTR\u00d4LEUR<\/strong><\/p><p><img decoding=\"async\" class=\"alignnone size-full wp-image-354\" src=\"https:\/\/belvederepalace.wientickets.org\/wp-content\/uploads\/2025\/10\/Ticket-Management-System-SL.png\" alt=\"\" width=\"277\" height=\"20\">, num\u00e9ro <img decoding=\"async\" class=\"alignnone size-full wp-image-355\" src=\"https:\/\/belvederepalace.wientickets.org\/wp-content\/uploads\/2025\/10\/NIF-TMS.jpg\" alt=\"\" width=\"111\" height=\"16\">d\u2019identification , si\u00e8ge social \u00e0 Calle Balmes n\u00b0 32, Principal 2\u00aa, C.P. 08007 Barcelone (Espagne) et enregistr\u00e9 \u00e0 la Soci\u00e9t\u00e9 de Soci\u00e9t\u00e9 de (Barcelone) sous le volume 47314, page 29 (ci-apr\u00e8s <em>le \u00ab Responsable des Donn\u00e9es \u00bb<\/em>), est responsable du traitement des donn\u00e9es collect\u00e9es ou g\u00e9n\u00e9r\u00e9es \u00e0 la suite de l\u2019acc\u00e8s, de l\u2019utilisation et de la navigation par les utilisateurs de belvederepalace.wientickets.org (ci-apr\u00e8s \u00ab <em>Utilisateur<\/em> \u00bb ou \u00ab <em>Utilisateurs<\/em> \u00bb et le \u00ab <em>Site Web<\/em> \u00bb ou le \u00ab <em>Web<\/em> \u00bb\u00ab respectivement), et utilise des cookies afin de surveiller les habitudes de navigation des utilisateurs sur ce Web, comme indiqu\u00e9 dans cette politique de cookies (ci-apr\u00e8s la \u00ab <em>Politique des cookies<\/em> \u00bb).<\/p><p><strong>2. CONCEPT<\/strong><\/p><p>Un cookie est un fichier t\u00e9l\u00e9charg\u00e9 sur le mat\u00e9riel utilis\u00e9 par l\u2019utilisateur lors de l\u2019acc\u00e8s \u00e0 certaines pages web afin de stocker et de r\u00e9cup\u00e9rer des informations sur la navigation effectu\u00e9e depuis son appareil. Ainsi, les informations recueillies via les cookies nous permettent d\u2019obtenir des informations sur les habitudes de navigation des utilisateurs. <\/p><p><strong>3. TYPES DE COOKIES ET TRAITEMENT DES DONN\u00c9ES PAR COOKIES<\/strong><\/p><p>Ce site web n\u2019autorise que l\u2019utilisation de cookies provenant de l\u2019outil Google Analytics appartenant \u00e0 Google, Inc. (ci-apr\u00e8s \u00ab <em>Google<\/em> \u00bb), une soci\u00e9t\u00e9 enregistr\u00e9e dans le Delaware, au 1600 Amphitheatre Parkway, Mountain View (Californie), CA 94043, \u00c9tats-Unis, qui est donc le tiers responsable des donn\u00e9es personnelles.<\/p><p>\u00c0 cet \u00e9gard, Google Analytics capture les interactions des utilisateurs sur le site (heure de visite, si l\u2019utilisateur a d\u00e9j\u00e0 \u00e9t\u00e9 sur le site, quel site a recommand\u00e9 \u00e0 l\u2019utilisateur de visiter le site concern\u00e9, adresse IP, etc.) et ne fournit aucune information au responsable du traitement des donn\u00e9es concernant la v\u00e9ritable adresse IP de l\u2019utilisateur,  mais ne fournit que des informations statistiques comprenant les visites (visiteur unique, nombre de pages vues, page\/vue, dur\u00e9e moyenne de la visite, taux de rebond, pourcentage de nouvelles visites, visiteurs nouveaux et r\u00e9currents, fr\u00e9quence et visites r\u00e9centes, interactions, pages visit\u00e9es), d\u00e9mographie (langue, pays\/territoire, ville), syst\u00e8me (navigateur, syst\u00e8me d\u2019exploitation, fournisseur d\u2019acc\u00e8s Internet, cat\u00e9gorie d\u2019appareil), source\/support, etc.<\/p><p><strong>4. BUT DES COOKIES<\/strong><\/p><p>L\u2019objectif est que le Responsable des donn\u00e9es puisse s\u2019informer sur les habitudes de navigation des utilisateurs du site web et consulter divers rapports d\u00e9crivant comment les utilisateurs qui visitent le site interagissent dans le but de l\u2019am\u00e9liorer. Gr\u00e2ce \u00e0 ces informations, le Responsable des donn\u00e9es peut analyser la navigation des utilisateurs du site web, et Google Analytics rapporte \u00e9galement les tendances du site sans identifier ses utilisateurs. <\/p><p>En revanche, l\u2019utilisateur peut consulter les termes et conditions g\u00e9n\u00e9rales de <a href=\"http:\/\/www.google.com\/analytics\/tos.html\">Google \u00e0 www.google.com\/analytics\/tos.html<\/a> et sa politique de confidentialit\u00e9 \u00e0 <a href=\"http:\/\/www.google.com\/intl\/es\/policies\/privacy\">www.google.com\/intl\/es\/policies\/privacy<\/a>.<\/p><p>Cependant, le Responsable des Donn\u00e9es ne peut pas contr\u00f4ler et n\u2019est pas responsable du contenu et de la v\u00e9racit\u00e9 des termes et conditions ainsi que des politiques de confidentialit\u00e9 de Google mentionn\u00e9s dans cette Politique de Cookies.<\/p><p><strong>5. D\u00c9SENGAGEMENT DES COOKIES<\/strong><\/p><p>Les visiteurs du site web peuvent r\u00e9voquer \u00e0 tout moment le consentement donn\u00e9 via le bouton en haut de cette politique sur les cookies.<\/p><p>Sinon, vous pouvez \u00e9galement d\u00e9sactiver les cookies Google Analytics en utilisant les syst\u00e8mes suivants :<\/p><ol><li>Le syst\u00e8me de d\u00e9sinscription Google Analytics accessible au lien suivant :<ol><li><a href=\"https:\/\/tools.google.com\/dlpage\/gaoptout?hl=es\">https:\/\/tools.google.com\/dlpage\/gaoptout?hl=es<\/a><\/li><\/ol><\/li><li>Param\u00e8tres du navigateur ; Par exemple :<ol><li>Chrome, de <a href=\"http:\/\/support.google.com\/chrome\/answer\/95647?hl=en\">support.google.com\/chrome\/answer\/95647?hl=en<\/a><\/li><li>Explorer, de <a href=\"http:\/\/support.microsoft.com\/en-us\/help\/17442\/windows-internetexplorer-delete-manage-cookies\">support.microsoft.com\/en-us\/help\/17442\/windows-internetexplorer-delete-manage-cookies<\/a><\/li><li>Firefox, de <a href=\"http:\/\/support.mozilla.org\/kb\/kb\/en\/en\/enable-and-disable-cookies-websites-tracking-preferences\">support.mozilla.org\/kb\/kb\/en\/en\/enable-and-disable-cookies-websites-tracking-preferences<\/a><\/li><li>Safari, de <a href=\"http:\/\/support.apple.com\/en\/en\/guide\/safari\/sfri11471\/mac\">support.apple.com\/en\/en\/guide\/safari\/sfri11471\/mac<\/a><\/li><\/ol><\/li><\/ol><p>D\u00e9sactiver les cookies Google Analytics ne vous emp\u00eachera pas d\u2019utiliser ce site web. Si vous supprimez tous les cookies de ce site via votre navigateur, vous supprimerez \u00e9galement les param\u00e8tres que vous avez choisis pour nos cookies. Dans tous les cas, vous devez acc\u00e9der \u00e0 la version la plus r\u00e9cente de chaque navigateur, et si vous utilisez un autre navigateur Internet de ceux mentionn\u00e9s pr\u00e9c\u00e9demment, nous vous recommandons de consulter les diff\u00e9rentes options de gestion des cookies qui peuvent \u00eatre disponibles dans le m\u00eame navigateur \u00e0 tout moment.  <\/p><p><strong>6. CHANGEMENTS DE LA POLITIQUE DES COOKIES<\/strong><\/p><p>Pour garantir que les directives relatives aux cookies du Responsable des Donn\u00e9es respectent toujours les exigences l\u00e9gales en vigueur \u00e0 tout moment, le Responsable des Donn\u00e9es se r\u00e9serve le droit d\u2019apporter des modifications \u00e0 cette Politique de Cookies afin de se conformer aux exigences l\u00e9gales applicables \u00e0 tout moment.<\/p><p><strong>7. COMMUNICATIONS ET TRANSFERTS DE DONN\u00c9ES INTERNATIONAUX<\/strong><\/p><p>Les cookies tiers utilis\u00e9s sur le site appartiennent \u00e0 Google, situ\u00e9 aux \u00c9tats-Unis, en dehors de l\u2019Espace \u00e9conomique europ\u00e9en. Google est signataire du cadre UE-US Privacy Shield. <\/p><p>Les donn\u00e9es ne seront pas communiqu\u00e9es \u00e0 des tiers, sauf disposition contraire de la politique de confidentialit\u00e9 de Google mentionn\u00e9e pr\u00e9c\u00e9demment.<\/p><p><strong>8. POLITIQUE DE CONFIDENTIALIT\u00c9<\/strong><\/p><p>Veuillez lire notre politique de confidentialit\u00e9 pour plus d\u2019informations sur le traitement des donn\u00e9es personnelles.<\/p><p><strong>9. DROITS DES UTILISATEURS<\/strong><\/p><p>L\u2019Utilisateur peut exercer les droits d\u2019acc\u00e8s, de rectification, de suppression, d\u2019opposition, de limitation du traitement et de portabilit\u00e9, le cas applicable, ainsi que de r\u00e9voquer son consentement concernant le traitement dont le Responsable de Traitement est responsable. Pour l\u2019exercice effectif de ces droits, l\u2019utilisateur doit soumettre la demande par \u00e9crit \u00e0 l\u2019adresse suivante : suppor@wientickets.org, et prouver son identit\u00e9 en fournissant son nom et son ou ses noms de famille, une photocopie de sa carte d\u2019identit\u00e9 nationale ou un document d\u2019identification \u00e9quivalent prouvant son identit\u00e9, une p\u00e9tition pr\u00e9cisant la demande, l\u2019adresse pour les notifications, ainsi que la date et la signature du demandeur. <\/p><p>Pour l\u2019exercice de droits contre Google, vous devez vous r\u00e9f\u00e9rer aux dispositions de sa politique de confidentialit\u00e9 indiqu\u00e9es ci-dessus.<\/p><p>De m\u00eame, l\u2019Utilisateur peut d\u00e9poser une plainte aupr\u00e8s de l\u2019Agence espagnole de protection des donn\u00e9es (autorit\u00e9 comp\u00e9tente de contr\u00f4le en Espagne), surtout lorsque l\u2019exercice de ses droits a \u00e9t\u00e9 insatisfaisant, par \u00e9crit, aupr\u00e8s de C\/ Jorge Juan, n\u00b0 6, 28001 \u2013 Madrid, ou via le web : <a href=\"http:\/\/www.agpd.es\">www.agpd.es<\/a>.<\/p><p><\/p>\t\t\t\t\t\t\t\t<\/div>\n\t\t\t\t<\/div>\n\t\t\t\t\t<\/div>\n\t\t<\/div>\n\t\t\t\t\t<\/div>\n\t\t<\/section>\n\t\t\t\t<\/div>\n\t\t","protected":false},"excerpt":{"rendered":"<p>Politique sur les cookies 1. IDENTIFICATION ET COORDONN\u00c9ES DU CONTR\u00d4LEUR , num\u00e9ro d\u2019identification , si\u00e8ge social \u00e0 Calle Balmes n\u00b0 32, Principal 2\u00aa, C.P. 08007 Barcelone (Espagne) et enregistr\u00e9 \u00e0 la Soci\u00e9t\u00e9 de Soci\u00e9t\u00e9 de (Barcelone) sous le volume 47314, page 29 (ci-apr\u00e8s le \u00ab Responsable des Donn\u00e9es \u00bb), est responsable du traitement des donn\u00e9es [&hellip;]<\/p>\n","protected":false},"author":1,"featured_media":0,"parent":0,"menu_order":0,"comment_status":"closed","ping_status":"closed","template":"elementor_header_footer","meta":{"footnotes":""},"class_list":["post-2772","page","type-page","status-publish","hentry"],"yoast_head":"<!-- This site is optimized with the Yoast SEO plugin v26.7 - https:\/\/yoast.com\/wordpress\/plugins\/seo\/ -->\n<title>Politique des cookies | Site web du Palais du Belv\u00e9d\u00e8re<\/title>\n<meta name=\"description\" content=\"D\u00e9couvrez comment les cookies sont utilis\u00e9s sur le site du Palais Belvedere pour am\u00e9liorer la navigation, analyser le trafic et enrichir votre exp\u00e9rience de navigation.\" \/>\n<meta name=\"robots\" content=\"index, follow, max-snippet:-1, max-image-preview:large, max-video-preview:-1\" \/>\n<link rel=\"canonical\" href=\"https:\/\/belvederepalace.wientickets.org\/fr\/politique-sur-les-cookies\/\" \/>\n<meta property=\"og:locale\" content=\"fr_FR\" \/>\n<meta property=\"og:type\" content=\"article\" \/>\n<meta property=\"og:title\" content=\"Politique des cookies | Site web du Palais du Belv\u00e9d\u00e8re\" \/>\n<meta property=\"og:description\" content=\"D\u00e9couvrez comment les cookies sont utilis\u00e9s sur le site du Palais Belvedere pour am\u00e9liorer la navigation, analyser le trafic et enrichir votre exp\u00e9rience de navigation.\" \/>\n<meta property=\"og:url\" content=\"https:\/\/belvederepalace.wientickets.org\/fr\/politique-sur-les-cookies\/\" \/>\n<meta property=\"og:site_name\" content=\"Belvedere Palace Tickets\" \/>\n<meta property=\"article:modified_time\" content=\"2026-01-26T10:55:28+00:00\" \/>\n<meta property=\"og:image\" content=\"https:\/\/belvederepalace.wientickets.org\/wp-content\/uploads\/2025\/10\/Ticket-Management-System-SL.png\" \/>\n\t<meta property=\"og:image:width\" content=\"277\" \/>\n\t<meta property=\"og:image:height\" content=\"20\" \/>\n\t<meta property=\"og:image:type\" content=\"image\/png\" \/>\n<meta name=\"twitter:card\" content=\"summary_large_image\" \/>\n<meta name=\"twitter:label1\" content=\"Dur\u00e9e de lecture estim\u00e9e\" \/>\n\t<meta name=\"twitter:data1\" content=\"5 minutes\" \/>\n<script type=\"application\/ld+json\" class=\"yoast-schema-graph\">{\"@context\":\"https:\/\/schema.org\",\"@graph\":[{\"@type\":\"WebPage\",\"@id\":\"https:\/\/belvederepalace.wientickets.org\/fr\/politique-sur-les-cookies\/\",\"url\":\"https:\/\/belvederepalace.wientickets.org\/fr\/politique-sur-les-cookies\/\",\"name\":\"Politique des cookies | Site web du Palais du Belv\u00e9d\u00e8re\",\"isPartOf\":{\"@id\":\"https:\/\/belvederepalace.wientickets.org\/fr\/#website\"},\"primaryImageOfPage\":{\"@id\":\"https:\/\/belvederepalace.wientickets.org\/fr\/politique-sur-les-cookies\/#primaryimage\"},\"image\":{\"@id\":\"https:\/\/belvederepalace.wientickets.org\/fr\/politique-sur-les-cookies\/#primaryimage\"},\"thumbnailUrl\":\"https:\/\/belvederepalace.wientickets.org\/wp-content\/uploads\/2025\/10\/Ticket-Management-System-SL.png\",\"datePublished\":\"2025-10-27T14:13:08+00:00\",\"dateModified\":\"2026-01-26T10:55:28+00:00\",\"description\":\"D\u00e9couvrez comment les cookies sont utilis\u00e9s sur le site du Palais Belvedere pour am\u00e9liorer la navigation, analyser le trafic et enrichir votre exp\u00e9rience de navigation.\",\"breadcrumb\":{\"@id\":\"https:\/\/belvederepalace.wientickets.org\/fr\/politique-sur-les-cookies\/#breadcrumb\"},\"inLanguage\":\"fr-FR\",\"potentialAction\":[{\"@type\":\"ReadAction\",\"target\":[\"https:\/\/belvederepalace.wientickets.org\/fr\/politique-sur-les-cookies\/\"]}]},{\"@type\":\"ImageObject\",\"inLanguage\":\"fr-FR\",\"@id\":\"https:\/\/belvederepalace.wientickets.org\/fr\/politique-sur-les-cookies\/#primaryimage\",\"url\":\"https:\/\/belvederepalace.wientickets.org\/wp-content\/uploads\/2025\/10\/Ticket-Management-System-SL.png\",\"contentUrl\":\"https:\/\/belvederepalace.wientickets.org\/wp-content\/uploads\/2025\/10\/Ticket-Management-System-SL.png\"},{\"@type\":\"BreadcrumbList\",\"@id\":\"https:\/\/belvederepalace.wientickets.org\/fr\/politique-sur-les-cookies\/#breadcrumb\",\"itemListElement\":[{\"@type\":\"ListItem\",\"position\":1,\"name\":\"Home\",\"item\":\"https:\/\/belvederepalace.wientickets.org\/fr\/\"},{\"@type\":\"ListItem\",\"position\":2,\"name\":\"Politique sur les cookies\"}]},{\"@type\":\"WebSite\",\"@id\":\"https:\/\/belvederepalace.wientickets.org\/fr\/#website\",\"url\":\"https:\/\/belvederepalace.wientickets.org\/fr\/\",\"name\":\"Belvedere Palace Tickets\",\"description\":\"\",\"publisher\":{\"@id\":\"https:\/\/belvederepalace.wientickets.org\/fr\/#organization\"},\"potentialAction\":[{\"@type\":\"SearchAction\",\"target\":{\"@type\":\"EntryPoint\",\"urlTemplate\":\"https:\/\/belvederepalace.wientickets.org\/fr\/?s={search_term_string}\"},\"query-input\":{\"@type\":\"PropertyValueSpecification\",\"valueRequired\":true,\"valueName\":\"search_term_string\"}}],\"inLanguage\":\"fr-FR\"},{\"@type\":\"Organization\",\"@id\":\"https:\/\/belvederepalace.wientickets.org\/fr\/#organization\",\"name\":\"Billets pour le ch\u00e2teau de Belvedere\",\"url\":\"https:\/\/belvederepalace.wientickets.org\/fr\/\",\"logo\":{\"@type\":\"ImageObject\",\"inLanguage\":\"fr-FR\",\"@id\":\"https:\/\/belvederepalace.wientickets.org\/fr\/#\/schema\/logo\/image\/\",\"url\":\"https:\/\/belvederepalace.wientickets.org\/wp-content\/uploads\/2024\/08\/belvedere-palace-tickets-logo.png\",\"contentUrl\":\"https:\/\/belvederepalace.wientickets.org\/wp-content\/uploads\/2024\/08\/belvedere-palace-tickets-logo.png\",\"width\":375,\"height\":70,\"caption\":\"Billets pour le ch\u00e2teau de Belvedere\"},\"image\":{\"@id\":\"https:\/\/belvederepalace.wientickets.org\/fr\/#\/schema\/logo\/image\/\"}}]}<\/script>\n<!-- \/ Yoast SEO plugin. -->","yoast_head_json":{"title":"Politique des cookies | Site web du Palais du Belv\u00e9d\u00e8re","description":"D\u00e9couvrez comment les cookies sont utilis\u00e9s sur le site du Palais Belvedere pour am\u00e9liorer la navigation, analyser le trafic et enrichir votre exp\u00e9rience de navigation.","robots":{"index":"index","follow":"follow","max-snippet":"max-snippet:-1","max-image-preview":"max-image-preview:large","max-video-preview":"max-video-preview:-1"},"canonical":"https:\/\/belvederepalace.wientickets.org\/fr\/politique-sur-les-cookies\/","og_locale":"fr_FR","og_type":"article","og_title":"Politique des cookies | Site web du Palais du Belv\u00e9d\u00e8re","og_description":"D\u00e9couvrez comment les cookies sont utilis\u00e9s sur le site du Palais Belvedere pour am\u00e9liorer la navigation, analyser le trafic et enrichir votre exp\u00e9rience de navigation.","og_url":"https:\/\/belvederepalace.wientickets.org\/fr\/politique-sur-les-cookies\/","og_site_name":"Belvedere Palace Tickets","article_modified_time":"2026-01-26T10:55:28+00:00","og_image":[{"width":277,"height":20,"url":"https:\/\/belvederepalace.wientickets.org\/wp-content\/uploads\/2025\/10\/Ticket-Management-System-SL.png","type":"image\/png"}],"twitter_card":"summary_large_image","twitter_misc":{"Dur\u00e9e de lecture estim\u00e9e":"5 minutes"},"schema":{"@context":"https:\/\/schema.org","@graph":[{"@type":"WebPage","@id":"https:\/\/belvederepalace.wientickets.org\/fr\/politique-sur-les-cookies\/","url":"https:\/\/belvederepalace.wientickets.org\/fr\/politique-sur-les-cookies\/","name":"Politique des cookies | Site web du Palais du Belv\u00e9d\u00e8re","isPartOf":{"@id":"https:\/\/belvederepalace.wientickets.org\/fr\/#website"},"primaryImageOfPage":{"@id":"https:\/\/belvederepalace.wientickets.org\/fr\/politique-sur-les-cookies\/#primaryimage"},"image":{"@id":"https:\/\/belvederepalace.wientickets.org\/fr\/politique-sur-les-cookies\/#primaryimage"},"thumbnailUrl":"https:\/\/belvederepalace.wientickets.org\/wp-content\/uploads\/2025\/10\/Ticket-Management-System-SL.png","datePublished":"2025-10-27T14:13:08+00:00","dateModified":"2026-01-26T10:55:28+00:00","description":"D\u00e9couvrez comment les cookies sont utilis\u00e9s sur le site du Palais Belvedere pour am\u00e9liorer la navigation, analyser le trafic et enrichir votre exp\u00e9rience de navigation.","breadcrumb":{"@id":"https:\/\/belvederepalace.wientickets.org\/fr\/politique-sur-les-cookies\/#breadcrumb"},"inLanguage":"fr-FR","potentialAction":[{"@type":"ReadAction","target":["https:\/\/belvederepalace.wientickets.org\/fr\/politique-sur-les-cookies\/"]}]},{"@type":"ImageObject","inLanguage":"fr-FR","@id":"https:\/\/belvederepalace.wientickets.org\/fr\/politique-sur-les-cookies\/#primaryimage","url":"https:\/\/belvederepalace.wientickets.org\/wp-content\/uploads\/2025\/10\/Ticket-Management-System-SL.png","contentUrl":"https:\/\/belvederepalace.wientickets.org\/wp-content\/uploads\/2025\/10\/Ticket-Management-System-SL.png"},{"@type":"BreadcrumbList","@id":"https:\/\/belvederepalace.wientickets.org\/fr\/politique-sur-les-cookies\/#breadcrumb","itemListElement":[{"@type":"ListItem","position":1,"name":"Home","item":"https:\/\/belvederepalace.wientickets.org\/fr\/"},{"@type":"ListItem","position":2,"name":"Politique sur les cookies"}]},{"@type":"WebSite","@id":"https:\/\/belvederepalace.wientickets.org\/fr\/#website","url":"https:\/\/belvederepalace.wientickets.org\/fr\/","name":"Belvedere Palace Tickets","description":"","publisher":{"@id":"https:\/\/belvederepalace.wientickets.org\/fr\/#organization"},"potentialAction":[{"@type":"SearchAction","target":{"@type":"EntryPoint","urlTemplate":"https:\/\/belvederepalace.wientickets.org\/fr\/?s={search_term_string}"},"query-input":{"@type":"PropertyValueSpecification","valueRequired":true,"valueName":"search_term_string"}}],"inLanguage":"fr-FR"},{"@type":"Organization","@id":"https:\/\/belvederepalace.wientickets.org\/fr\/#organization","name":"Billets pour le ch\u00e2teau de Belvedere","url":"https:\/\/belvederepalace.wientickets.org\/fr\/","logo":{"@type":"ImageObject","inLanguage":"fr-FR","@id":"https:\/\/belvederepalace.wientickets.org\/fr\/#\/schema\/logo\/image\/","url":"https:\/\/belvederepalace.wientickets.org\/wp-content\/uploads\/2024\/08\/belvedere-palace-tickets-logo.png","contentUrl":"https:\/\/belvederepalace.wientickets.org\/wp-content\/uploads\/2024\/08\/belvedere-palace-tickets-logo.png","width":375,"height":70,"caption":"Billets pour le ch\u00e2teau de Belvedere"},"image":{"@id":"https:\/\/belvederepalace.wientickets.org\/fr\/#\/schema\/logo\/image\/"}}]}},"_links":{"self":[{"href":"https:\/\/belvederepalace.wientickets.org\/fr\/wp-json\/wp\/v2\/pages\/2772","targetHints":{"allow":["GET"]}}],"collection":[{"href":"https:\/\/belvederepalace.wientickets.org\/fr\/wp-json\/wp\/v2\/pages"}],"about":[{"href":"https:\/\/belvederepalace.wientickets.org\/fr\/wp-json\/wp\/v2\/types\/page"}],"author":[{"embeddable":true,"href":"https:\/\/belvederepalace.wientickets.org\/fr\/wp-json\/wp\/v2\/users\/1"}],"replies":[{"embeddable":true,"href":"https:\/\/belvederepalace.wientickets.org\/fr\/wp-json\/wp\/v2\/comments?post=2772"}],"version-history":[{"count":3,"href":"https:\/\/belvederepalace.wientickets.org\/fr\/wp-json\/wp\/v2\/pages\/2772\/revisions"}],"predecessor-version":[{"id":2775,"href":"https:\/\/belvederepalace.wientickets.org\/fr\/wp-json\/wp\/v2\/pages\/2772\/revisions\/2775"}],"wp:attachment":[{"href":"https:\/\/belvederepalace.wientickets.org\/fr\/wp-json\/wp\/v2\/media?parent=2772"}],"curies":[{"name":"wp","href":"https:\/\/api.w.org\/{rel}","templated":true}]}}