{"id":415,"date":"2025-10-27T14:13:08","date_gmt":"2025-10-27T14:13:08","guid":{"rendered":"https:\/\/belvederepalace.wientickets.org\/informativa-sui-cookie\/"},"modified":"2025-11-06T16:32:10","modified_gmt":"2025-11-06T16:32:10","slug":"informativa-sui-cookie","status":"publish","type":"page","link":"https:\/\/belvederepalace.wientickets.org\/it\/informativa-sui-cookie\/","title":{"rendered":"Informativa sui cookie"},"content":{"rendered":"\t\t<div data-elementor-type=\"wp-page\" data-elementor-id=\"415\" class=\"elementor elementor-415 elementor-359\">\n\t\t\t\t\t\t<section class=\"elementor-section elementor-top-section elementor-element elementor-element-6f5b30d elementor-section-boxed elementor-section-height-default elementor-section-height-default\" data-id=\"6f5b30d\" data-element_type=\"section\">\n\t\t\t\t\t\t<div class=\"elementor-container elementor-column-gap-default\">\n\t\t\t\t\t<div class=\"elementor-column elementor-col-100 elementor-top-column elementor-element elementor-element-2cb0145\" data-id=\"2cb0145\" data-element_type=\"column\">\n\t\t\t<div class=\"elementor-widget-wrap elementor-element-populated\">\n\t\t\t\t\t\t<div class=\"elementor-element elementor-element-b55205e elementor-widget elementor-widget-heading\" data-id=\"b55205e\" data-element_type=\"widget\" data-widget_type=\"heading.default\">\n\t\t\t\t<div class=\"elementor-widget-container\">\n\t\t\t\t\t<h1 class=\"elementor-heading-title elementor-size-default\">Informativa sui cookie<\/h1>\t\t\t\t<\/div>\n\t\t\t\t<\/div>\n\t\t\t\t<div class=\"elementor-element elementor-element-1369c71 elementor-widget elementor-widget-text-editor\" data-id=\"1369c71\" data-element_type=\"widget\" data-widget_type=\"text-editor.default\">\n\t\t\t\t<div class=\"elementor-widget-container\">\n\t\t\t\t\t\t\t\t\t<p><strong>1. IDENTIFICAZIONE E DATI DI CONTATTO DEL RESPONSABILE DEL TRATTAMENTO<\/strong><\/p><p><img decoding=\"async\" class=\"alignnone size-full wp-image-354\" src=\"https:\/\/belvederepalace.wientickets.org\/wp-content\/uploads\/2025\/10\/Ticket-Management-System-SL.png\" alt=\"\" width=\"277\" height=\"20\">, numero ID <img decoding=\"async\" class=\"alignnone size-full wp-image-355\" src=\"https:\/\/belvederepalace.wientickets.org\/wp-content\/uploads\/2025\/10\/NIF-TMS.jpg\" alt=\"\" width=\"111\" height=\"16\">, con sede in Calle Balmes n\u00ba 32, Principal 2\u00aa, C.P. 08007 Barcellona (Spagna) e registrata presso la Companies House di (Barcellona) al volume 47314, Pagina 29 (di seguito, il <em>&#8220;Titolare del trattamento&#8221;)<\/em>, \u00e8 responsabile del trattamento dei dati raccolti o generati in seguito all&#8217;accesso, all&#8217;utilizzo e alla navigazione degli utenti di belvederepalace.wientickets.org (di seguito, rispettivamente, l'&#8221;<em>Utente<\/em>&#8221; o gli &#8220;<em>Utenti<\/em>&#8221; e il &#8220;<em>Sito<\/em>&#8221; o il &#8220;<em>Web<\/em>&#8220;) e utilizza i cookie per monitorare le abitudini di navigazione degli Utenti su questo Web, come indicato nella presente informativa sui cookie (di seguito, l'&#8221;<em>Informativa sui cookie<\/em>&#8220;).<\/p><p><strong>2. CONCETTO<\/strong><\/p><p>Un cookie \u00e8 un file che viene scaricato sull&#8217;hardware utilizzato dall&#8217;Utente quando accede a determinate pagine web al fine di memorizzare e recuperare informazioni sulla navigazione effettuata dal suo dispositivo. Pertanto, le informazioni raccolte attraverso i cookie ci permettono di ottenere informazioni sulle abitudini di navigazione degli Utenti. <\/p><p><strong>3. TIPI DI COOKIE E TRATTAMENTO DEI DATI DA PARTE DEI COOKIE<\/strong><\/p><p>Questo Sito web consente esclusivamente l&#8217;utilizzo dei cookie dello strumento Google Analytics di Google, Inc. (di seguito &#8220;<em>Google<\/em>&#8220;), societ\u00e0 registrata nel Delaware, all&#8217;indirizzo 1600 Amphitheatre Parkway, Mountain View (California), CA 94043, USA, che \u00e8 pertanto la terza parte responsabile dei dati personali.<\/p><p>A tal proposito, Google Analytics cattura le interazioni degli utenti sul Sito (ora della visita, se l&#8217;Utente \u00e8 gi\u00e0 stato sul sito in precedenza, quale sito ha consigliato all&#8217;Utente di visitare il sito in questione, indirizzo IP, ecc.) e non fornisce al Titolare del trattamento alcuna informazione relativa all&#8217;indirizzo IP reale dell&#8217;Utente, ma si limita a fornire informazioni statistiche relative alle visite (singoli visitatori, numero di pagine visualizzate, pagine\/visite, durata media della visita, frequenza di rimbalzo, % di nuove visite, visitatori nuovi e di ritorno, frequenza e visite recenti, interazioni, pagine visitate), ai dati demografici (lingua, paese\/territorio, citt\u00e0), al sistema (browser, sistema operativo, provider di accesso a Internet, categoria di dispositivo), alla fonte\/al mezzo di comunicazione, ecc.<\/p><p><strong>4. SCOPO DEI COOKIE<\/strong><\/p><p>Lo scopo \u00e8 quello di consentire al Titolare del Trattamento di conoscere le abitudini di navigazione degli Utenti del Sito e di consultare vari report che descrivono l&#8217;interazione degli Utenti che visitano il Sito al fine di migliorarlo. Attraverso queste informazioni, il Titolare del trattamento pu\u00f2 analizzare la navigazione degli Utenti del Sito e Google Analytics riporta anche le tendenze del Sito senza identificare gli Utenti. <\/p><p>D&#8217;altra parte, l&#8217;Utente pu\u00f2 consultare i termini e le condizioni generali di Google all&#8217;indirizzo <a href=\"http:\/\/www.google.com\/analytics\/tos.html\">www.google.com\/analytics\/tos.html<\/a> e l&#8217;informativa sulla privacy all&#8217;indirizzo <a href=\"http:\/\/www.google.com\/intl\/es\/policies\/privacy\">www.google.com\/intl\/es\/policies\/privacy.<\/a><\/p><p>Tuttavia, il Titolare del trattamento non pu\u00f2 controllare e non \u00e8 responsabile del contenuto e della veridicit\u00e0 dei termini e delle condizioni e delle politiche sulla privacy di Google citati nella presente Informativa sui cookie.<\/p><p><strong>5. DISABILITARE I COOKIE<\/strong><\/p><p>I visitatori del sito web possono revocare in qualsiasi momento il consenso dato tramite il pulsante in cima alla presente Informativa sui cookie.<\/p><p>In alternativa, puoi anche disabilitare i cookie di Google Analytics, utilizzando i seguenti sistemi:<\/p><ol><li>Il sistema di opt-out di Google Analytics \u00e8 accessibile al seguente link:<ol><li><a href=\"https:\/\/tools.google.com\/dlpage\/gaoptout?hl=es\">https:\/\/tools.google.com\/dlpage\/gaoptout?hl=es<\/a><\/li><\/ol><\/li><li>Impostazioni del browser; ad esempio:<ol><li>Chrome, da <a href=\"http:\/\/support.google.com\/chrome\/answer\/95647?hl=en\">support.google.com\/chrome\/answer\/95647?hl=en<\/a><\/li><li>Explorer, da <a href=\"http:\/\/support.microsoft.com\/en-us\/help\/17442\/windows-internetexplorer-delete-manage-cookies\">support.microsoft.com\/en-us\/help\/17442\/windows-internetexplorer-delete-manage-cookies<\/a><\/li><li>Firefox, da <a href=\"http:\/\/support.mozilla.org\/kb\/kb\/en\/en\/enable-and-disable-cookies-websites-tracking-preferences\">support.mozilla.org\/kb\/kb\/it\/en\/enable-and-disable-cookies-websites-tracking-preferences<\/a><\/li><li>Safari, da <a href=\"http:\/\/support.apple.com\/en\/en\/guide\/safari\/sfri11471\/mac\">support.apple.com\/it\/guide\/safari\/sfri11471\/mac<\/a><\/li><\/ol><\/li><\/ol><p>La disabilitazione dei cookie di Google Analytics non ti impedir\u00e0 di utilizzare questo Sito web. Se cancelli tutti i cookie da questo Sito web, attraverso il tuo browser, cancellerai anche le impostazioni che hai scelto per i nostri cookie. In ogni caso, devi accedere alla versione pi\u00f9 aggiornata di ciascun browser e, nel caso in cui tu utilizzi un browser Internet diverso da quelli precedentemente indicati, ti consigliamo di consultare le diverse opzioni di gestione dei cookie che possono essere disponibili nello stesso in qualsiasi momento.  <\/p><p><strong>6. MODIFICHE ALLA POLITICA SUI COOKIE<\/strong><\/p><p>Per garantire che le linee guida sui cookie del Titolare del trattamento siano sempre conformi ai requisiti legali in vigore in un determinato momento, il Titolare del trattamento si riserva il diritto di apportare modifiche alla presente Politica sui cookie al fine di conformarsi ai requisiti legali applicabili in un determinato momento.<\/p><p><strong>7. COMUNICAZIONI E TRASFERIMENTI INTERNAZIONALI DI DATI<\/strong><\/p><p>I cookie di terze parti utilizzati sul Sito appartengono a Google, con sede negli Stati Uniti, al di fuori dello Spazio Economico Europeo. Google \u00e8 firmataria del Privacy Shield Framework UE-USA. <\/p><p>I dati non saranno comunicati a terzi, salvo quanto previsto dalla suddetta informativa sulla privacy di Google.<\/p><p><strong>8. POLITICA SULLA PRIVACY<\/strong><\/p><p>Per maggiori informazioni sul trattamento dei dati personali, leggi la nostra informativa sulla privacy.<\/p><p><strong>9. DIRITTI DELL&#8217;UTENTE<\/strong><\/p><p>L&#8217;Utente pu\u00f2 esercitare i diritti di accesso, rettifica, cancellazione, opposizione, limitazione del trattamento e portabilit\u00e0, ove applicabili, nonch\u00e9 revocare il proprio consenso, relativamente ai trattamenti di cui \u00e8 responsabile il Titolare del trattamento. Per l&#8217;esercizio effettivo di tali diritti, l&#8217;Utente deve presentare la richiesta per iscritto al seguente indirizzo: suppor@wientickets.org, e dimostrare la propria identit\u00e0 fornendo il proprio nome e cognome, una fotocopia della carta d&#8217;identit\u00e0 nazionale o di un documento d&#8217;identit\u00e0 equivalente che ne attesti l&#8217;identit\u00e0, una petizione che specifichi la richiesta, l&#8217;indirizzo per le notifiche e la data e la firma del richiedente. <\/p><p>Per l&#8217;esercizio dei diritti nei confronti di Google, l&#8217;utente deve fare riferimento alle disposizioni della sua politica sulla privacy indicate sopra.<\/p><p>Allo stesso modo, l&#8217;Utente pu\u00f2 presentare un reclamo all&#8217;Agenzia Spagnola per la Protezione dei Dati (Autorit\u00e0 di Controllo competente in materia in Spagna), in particolare quando l&#8217;esercizio dei suoi diritti \u00e8 stato insoddisfacente, per iscritto, a C\/ Jorge Juan, n\u00ba 6, 28001 &#8211; Madrid, o attraverso il sito web: <a href=\"http:\/\/www.agpd.es\">www.agpd.es.<\/a><\/p><p><\/p>\t\t\t\t\t\t\t\t<\/div>\n\t\t\t\t<\/div>\n\t\t\t\t\t<\/div>\n\t\t<\/div>\n\t\t\t\t\t<\/div>\n\t\t<\/section>\n\t\t\t\t<\/div>\n\t\t","protected":false},"excerpt":{"rendered":"<p>Informativa sui cookie 1. IDENTIFICAZIONE E DATI DI CONTATTO DEL RESPONSABILE DEL TRATTAMENTO , numero ID , con sede in Calle Balmes n\u00ba 32, Principal 2\u00aa, C.P. 08007 Barcellona (Spagna) e registrata presso la Companies House di (Barcellona) al volume 47314, Pagina 29 (di seguito, il &#8220;Titolare del trattamento&#8221;), \u00e8 responsabile del trattamento dei dati [&hellip;]<\/p>\n","protected":false},"author":1,"featured_media":0,"parent":0,"menu_order":0,"comment_status":"closed","ping_status":"closed","template":"elementor_header_footer","meta":{"footnotes":""},"class_list":["post-415","page","type-page","status-publish","hentry"],"yoast_head":"<!-- This site is optimized with the Yoast SEO plugin v26.7 - https:\/\/yoast.com\/wordpress\/plugins\/seo\/ -->\n<title>Informativa sui cookie | Sito web di Belvedere Palace<\/title>\n<meta name=\"description\" content=\"Scopri come vengono utilizzati i cookie sul sito web di Belvedere Palace per migliorare la navigazione, analizzare il traffico e migliorare la tua esperienza di navigazione.\" \/>\n<meta name=\"robots\" content=\"index, follow, max-snippet:-1, max-image-preview:large, max-video-preview:-1\" \/>\n<link rel=\"canonical\" href=\"https:\/\/belvederepalace.wientickets.org\/it\/informativa-sui-cookie\/\" \/>\n<meta property=\"og:locale\" content=\"it_IT\" \/>\n<meta property=\"og:type\" content=\"article\" \/>\n<meta property=\"og:title\" content=\"Informativa sui cookie | Sito web di Belvedere Palace\" \/>\n<meta property=\"og:description\" content=\"Scopri come vengono utilizzati i cookie sul sito web di Belvedere Palace per migliorare la navigazione, analizzare il traffico e migliorare la tua esperienza di navigazione.\" \/>\n<meta property=\"og:url\" content=\"https:\/\/belvederepalace.wientickets.org\/it\/informativa-sui-cookie\/\" \/>\n<meta property=\"og:site_name\" content=\"Belvedere Palace Tickets\" \/>\n<meta property=\"article:modified_time\" content=\"2025-11-06T16:32:10+00:00\" \/>\n<meta property=\"og:image\" content=\"https:\/\/belvederepalace.wientickets.org\/wp-content\/uploads\/2025\/10\/Ticket-Management-System-SL.png\" \/>\n\t<meta property=\"og:image:width\" content=\"277\" \/>\n\t<meta property=\"og:image:height\" content=\"20\" \/>\n\t<meta property=\"og:image:type\" content=\"image\/png\" \/>\n<meta name=\"twitter:card\" content=\"summary_large_image\" \/>\n<meta name=\"twitter:label1\" content=\"Tempo di lettura stimato\" \/>\n\t<meta name=\"twitter:data1\" content=\"5 minuti\" \/>\n<script type=\"application\/ld+json\" class=\"yoast-schema-graph\">{\"@context\":\"https:\/\/schema.org\",\"@graph\":[{\"@type\":\"WebPage\",\"@id\":\"https:\/\/belvederepalace.wientickets.org\/it\/informativa-sui-cookie\/\",\"url\":\"https:\/\/belvederepalace.wientickets.org\/it\/informativa-sui-cookie\/\",\"name\":\"Informativa sui cookie | Sito web di Belvedere Palace\",\"isPartOf\":{\"@id\":\"https:\/\/belvederepalace.wientickets.org\/it\/#website\"},\"primaryImageOfPage\":{\"@id\":\"https:\/\/belvederepalace.wientickets.org\/it\/informativa-sui-cookie\/#primaryimage\"},\"image\":{\"@id\":\"https:\/\/belvederepalace.wientickets.org\/it\/informativa-sui-cookie\/#primaryimage\"},\"thumbnailUrl\":\"https:\/\/belvederepalace.wientickets.org\/wp-content\/uploads\/2025\/10\/Ticket-Management-System-SL.png\",\"datePublished\":\"2025-10-27T14:13:08+00:00\",\"dateModified\":\"2025-11-06T16:32:10+00:00\",\"description\":\"Scopri come vengono utilizzati i cookie sul sito web di Belvedere Palace per migliorare la navigazione, analizzare il traffico e migliorare la tua esperienza di navigazione.\",\"breadcrumb\":{\"@id\":\"https:\/\/belvederepalace.wientickets.org\/it\/informativa-sui-cookie\/#breadcrumb\"},\"inLanguage\":\"it-IT\",\"potentialAction\":[{\"@type\":\"ReadAction\",\"target\":[\"https:\/\/belvederepalace.wientickets.org\/it\/informativa-sui-cookie\/\"]}]},{\"@type\":\"ImageObject\",\"inLanguage\":\"it-IT\",\"@id\":\"https:\/\/belvederepalace.wientickets.org\/it\/informativa-sui-cookie\/#primaryimage\",\"url\":\"https:\/\/belvederepalace.wientickets.org\/wp-content\/uploads\/2025\/10\/Ticket-Management-System-SL.png\",\"contentUrl\":\"https:\/\/belvederepalace.wientickets.org\/wp-content\/uploads\/2025\/10\/Ticket-Management-System-SL.png\"},{\"@type\":\"BreadcrumbList\",\"@id\":\"https:\/\/belvederepalace.wientickets.org\/it\/informativa-sui-cookie\/#breadcrumb\",\"itemListElement\":[{\"@type\":\"ListItem\",\"position\":1,\"name\":\"Home\",\"item\":\"https:\/\/belvederepalace.wientickets.org\/it\/\"},{\"@type\":\"ListItem\",\"position\":2,\"name\":\"Informativa sui cookie\"}]},{\"@type\":\"WebSite\",\"@id\":\"https:\/\/belvederepalace.wientickets.org\/it\/#website\",\"url\":\"https:\/\/belvederepalace.wientickets.org\/it\/\",\"name\":\"Belvedere Palace Tickets\",\"description\":\"\",\"publisher\":{\"@id\":\"https:\/\/belvederepalace.wientickets.org\/it\/#organization\"},\"potentialAction\":[{\"@type\":\"SearchAction\",\"target\":{\"@type\":\"EntryPoint\",\"urlTemplate\":\"https:\/\/belvederepalace.wientickets.org\/it\/?s={search_term_string}\"},\"query-input\":{\"@type\":\"PropertyValueSpecification\",\"valueRequired\":true,\"valueName\":\"search_term_string\"}}],\"inLanguage\":\"it-IT\"},{\"@type\":\"Organization\",\"@id\":\"https:\/\/belvederepalace.wientickets.org\/it\/#organization\",\"name\":\"Biglietti per il Palazzo Belvedere\",\"url\":\"https:\/\/belvederepalace.wientickets.org\/it\/\",\"logo\":{\"@type\":\"ImageObject\",\"inLanguage\":\"it-IT\",\"@id\":\"https:\/\/belvederepalace.wientickets.org\/it\/#\/schema\/logo\/image\/\",\"url\":\"https:\/\/belvederepalace.wientickets.org\/wp-content\/uploads\/2024\/08\/belvedere-palace-tickets-logo.png\",\"contentUrl\":\"https:\/\/belvederepalace.wientickets.org\/wp-content\/uploads\/2024\/08\/belvedere-palace-tickets-logo.png\",\"width\":375,\"height\":70,\"caption\":\"Biglietti per il Palazzo Belvedere\"},\"image\":{\"@id\":\"https:\/\/belvederepalace.wientickets.org\/it\/#\/schema\/logo\/image\/\"}}]}<\/script>\n<!-- \/ Yoast SEO plugin. -->","yoast_head_json":{"title":"Informativa sui cookie | Sito web di Belvedere Palace","description":"Scopri come vengono utilizzati i cookie sul sito web di Belvedere Palace per migliorare la navigazione, analizzare il traffico e migliorare la tua esperienza di navigazione.","robots":{"index":"index","follow":"follow","max-snippet":"max-snippet:-1","max-image-preview":"max-image-preview:large","max-video-preview":"max-video-preview:-1"},"canonical":"https:\/\/belvederepalace.wientickets.org\/it\/informativa-sui-cookie\/","og_locale":"it_IT","og_type":"article","og_title":"Informativa sui cookie | Sito web di Belvedere Palace","og_description":"Scopri come vengono utilizzati i cookie sul sito web di Belvedere Palace per migliorare la navigazione, analizzare il traffico e migliorare la tua esperienza di navigazione.","og_url":"https:\/\/belvederepalace.wientickets.org\/it\/informativa-sui-cookie\/","og_site_name":"Belvedere Palace Tickets","article_modified_time":"2025-11-06T16:32:10+00:00","og_image":[{"width":277,"height":20,"url":"https:\/\/belvederepalace.wientickets.org\/wp-content\/uploads\/2025\/10\/Ticket-Management-System-SL.png","type":"image\/png"}],"twitter_card":"summary_large_image","twitter_misc":{"Tempo di lettura stimato":"5 minuti"},"schema":{"@context":"https:\/\/schema.org","@graph":[{"@type":"WebPage","@id":"https:\/\/belvederepalace.wientickets.org\/it\/informativa-sui-cookie\/","url":"https:\/\/belvederepalace.wientickets.org\/it\/informativa-sui-cookie\/","name":"Informativa sui cookie | Sito web di Belvedere Palace","isPartOf":{"@id":"https:\/\/belvederepalace.wientickets.org\/it\/#website"},"primaryImageOfPage":{"@id":"https:\/\/belvederepalace.wientickets.org\/it\/informativa-sui-cookie\/#primaryimage"},"image":{"@id":"https:\/\/belvederepalace.wientickets.org\/it\/informativa-sui-cookie\/#primaryimage"},"thumbnailUrl":"https:\/\/belvederepalace.wientickets.org\/wp-content\/uploads\/2025\/10\/Ticket-Management-System-SL.png","datePublished":"2025-10-27T14:13:08+00:00","dateModified":"2025-11-06T16:32:10+00:00","description":"Scopri come vengono utilizzati i cookie sul sito web di Belvedere Palace per migliorare la navigazione, analizzare il traffico e migliorare la tua esperienza di navigazione.","breadcrumb":{"@id":"https:\/\/belvederepalace.wientickets.org\/it\/informativa-sui-cookie\/#breadcrumb"},"inLanguage":"it-IT","potentialAction":[{"@type":"ReadAction","target":["https:\/\/belvederepalace.wientickets.org\/it\/informativa-sui-cookie\/"]}]},{"@type":"ImageObject","inLanguage":"it-IT","@id":"https:\/\/belvederepalace.wientickets.org\/it\/informativa-sui-cookie\/#primaryimage","url":"https:\/\/belvederepalace.wientickets.org\/wp-content\/uploads\/2025\/10\/Ticket-Management-System-SL.png","contentUrl":"https:\/\/belvederepalace.wientickets.org\/wp-content\/uploads\/2025\/10\/Ticket-Management-System-SL.png"},{"@type":"BreadcrumbList","@id":"https:\/\/belvederepalace.wientickets.org\/it\/informativa-sui-cookie\/#breadcrumb","itemListElement":[{"@type":"ListItem","position":1,"name":"Home","item":"https:\/\/belvederepalace.wientickets.org\/it\/"},{"@type":"ListItem","position":2,"name":"Informativa sui cookie"}]},{"@type":"WebSite","@id":"https:\/\/belvederepalace.wientickets.org\/it\/#website","url":"https:\/\/belvederepalace.wientickets.org\/it\/","name":"Belvedere Palace Tickets","description":"","publisher":{"@id":"https:\/\/belvederepalace.wientickets.org\/it\/#organization"},"potentialAction":[{"@type":"SearchAction","target":{"@type":"EntryPoint","urlTemplate":"https:\/\/belvederepalace.wientickets.org\/it\/?s={search_term_string}"},"query-input":{"@type":"PropertyValueSpecification","valueRequired":true,"valueName":"search_term_string"}}],"inLanguage":"it-IT"},{"@type":"Organization","@id":"https:\/\/belvederepalace.wientickets.org\/it\/#organization","name":"Biglietti per il Palazzo Belvedere","url":"https:\/\/belvederepalace.wientickets.org\/it\/","logo":{"@type":"ImageObject","inLanguage":"it-IT","@id":"https:\/\/belvederepalace.wientickets.org\/it\/#\/schema\/logo\/image\/","url":"https:\/\/belvederepalace.wientickets.org\/wp-content\/uploads\/2024\/08\/belvedere-palace-tickets-logo.png","contentUrl":"https:\/\/belvederepalace.wientickets.org\/wp-content\/uploads\/2024\/08\/belvedere-palace-tickets-logo.png","width":375,"height":70,"caption":"Biglietti per il Palazzo Belvedere"},"image":{"@id":"https:\/\/belvederepalace.wientickets.org\/it\/#\/schema\/logo\/image\/"}}]}},"_links":{"self":[{"href":"https:\/\/belvederepalace.wientickets.org\/it\/wp-json\/wp\/v2\/pages\/415","targetHints":{"allow":["GET"]}}],"collection":[{"href":"https:\/\/belvederepalace.wientickets.org\/it\/wp-json\/wp\/v2\/pages"}],"about":[{"href":"https:\/\/belvederepalace.wientickets.org\/it\/wp-json\/wp\/v2\/types\/page"}],"author":[{"embeddable":true,"href":"https:\/\/belvederepalace.wientickets.org\/it\/wp-json\/wp\/v2\/users\/1"}],"replies":[{"embeddable":true,"href":"https:\/\/belvederepalace.wientickets.org\/it\/wp-json\/wp\/v2\/comments?post=415"}],"version-history":[{"count":1,"href":"https:\/\/belvederepalace.wientickets.org\/it\/wp-json\/wp\/v2\/pages\/415\/revisions"}],"predecessor-version":[{"id":416,"href":"https:\/\/belvederepalace.wientickets.org\/it\/wp-json\/wp\/v2\/pages\/415\/revisions\/416"}],"wp:attachment":[{"href":"https:\/\/belvederepalace.wientickets.org\/it\/wp-json\/wp\/v2\/media?parent=415"}],"curies":[{"name":"wp","href":"https:\/\/api.w.org\/{rel}","templated":true}]}}